{"id":182,"date":"2021-04-26T18:39:51","date_gmt":"2021-04-26T18:39:51","guid":{"rendered":"https:\/\/new.ecopell.de\/?page_id=182"},"modified":"2021-10-06T10:49:51","modified_gmt":"2021-10-06T10:49:51","slug":"impressum","status":"publish","type":"page","link":"https:\/\/www.ecopell.de\/?page_id=182","title":{"rendered":"IMPRESSUM"},"content":{"rendered":"<section  class='av_textblock_section av-knzsyd1j-af33b45f9dce407d71594a25f5797d6c '   itemscope=\"itemscope\" itemtype=\"https:\/\/schema.org\/CreativeWork\" ><div class='avia_textblock'  itemprop=\"text\" ><h1>Impressum<\/h1>\n\n<style type=\"text\/css\" data-created_by=\"avia_inline_auto\" id=\"style-css-av-qqilq-93bc4a6cd8582cc6b996be907db21eab\">\n.av_font_icon.av-qqilq-93bc4a6cd8582cc6b996be907db21eab .av-icon-char{\nfont-size:40px;\nline-height:40px;\n}\n<\/style>\n<span  class='av_font_icon av-qqilq-93bc4a6cd8582cc6b996be907db21eab avia_animate_when_visible av-icon-style- avia-icon-pos-left avia-iconfont avia-font-entypo-fontello av-no-color avia-icon-animate'><span class='av-icon-char' data-av_icon='\ue819' data-av_iconfont='entypo-fontello' aria-hidden=\"true\" ><\/span><\/span>\n<\/div><\/section>\n\n<style type=\"text\/css\" data-created_by=\"avia_inline_auto\" id=\"style-css-av-l899a-9a40ba5863283cf8d7caf502c8b4ffe5\">\n.flex_column.av-l899a-9a40ba5863283cf8d7caf502c8b4ffe5{\nborder-radius:0px 0px 0px 0px;\npadding:0px 0px 0px 0px;\n}\n<\/style>\n<div  class='flex_column av-l899a-9a40ba5863283cf8d7caf502c8b4ffe5 av_one_third  avia-builder-el-2  el_after_av_textblock  el_before_av_two_third  first flex_column_div av-zero-column-padding  column-top-margin'     ><section  class='av_textblock_section av-knztcx1s-74790e7eee97c21585fbc714e24acdef '   itemscope=\"itemscope\" itemtype=\"https:\/\/schema.org\/CreativeWork\" ><div class='avia_textblock'  itemprop=\"text\" ><p id=\"u66469-2\" class=\"Text\"><strong>Ecopell GmbH<\/strong><br \/>\nHeinrich-Nicolaus-Strasse 31<br \/>\nD-87480 Weitnau \/ Seltmans<\/p>\n<p id=\"u66469-9\" class=\"Text\">Tel.: +49 (0) 8375 9219 0<br \/>\n<span id=\"u66469-12\">Fax: <\/span><span id=\"u66469-14\">+49 (0) 8375 9219 21<\/span><\/p>\n<p class=\"Text\"><a href=\"mailto:info@ecopell.de\">info@ecopell.de<\/a><br \/>\n<a href=\"http:\/\/www.ecopell.de\">www.ecopell.de<\/a><\/p>\n<p id=\"u66469-23\" class=\"Text\">Umsatzsteuer-Identifikationsnummer<br \/>\n(gem\u00e4\u00df \u00a7 27 a Umsatzsteuergesetz): DE 813549408<\/p>\n<p class=\"Text\">Steuernummer: 127\/140\/10725<\/p>\n<p class=\"Text\">Registergericht: Amtsgericht Kempten<\/p>\n<p class=\"Text\">Registernummer: HRB7996<\/p>\n<p class=\"Text\">Stammkapital: 265.000,- \u20ac<\/p>\n<p id=\"u66469-37\" class=\"Text\">Vertretungsberechtigte Gesch\u00e4ftsf\u00fchrer<br \/>\nNatalie Metz, Johann Peter Schomisch<\/p>\n<div  class='hr av-f0g5q-f4c3d4927ab1a26e4ff93f51be2f7c15 hr-default  avia-builder-el-4  el_before_av_hr  avia-builder-el-first '><span class='hr-inner '><span class=\"hr-inner-style\"><\/span><\/span><\/div>\n<p class=\"Text\">Gestaltung &amp; Umsetzung:<\/p>\n<p class=\"Text\"><img data-recalc-dims=\"1\" loading=\"lazy\" decoding=\"async\" class=\"alignnone wp-image-249 \" src=\"https:\/\/i0.wp.com\/www.ecopell.de\/wp-content\/uploads\/2021\/04\/escapedesign.png?resize=227%2C42&#038;ssl=1\" alt=\"\" width=\"227\" height=\"42\" srcset=\"https:\/\/i0.wp.com\/www.ecopell.de\/wp-content\/uploads\/2021\/04\/escapedesign.png?w=265&amp;ssl=1 265w, https:\/\/i0.wp.com\/www.ecopell.de\/wp-content\/uploads\/2021\/04\/escapedesign.png?resize=260%2C49&amp;ssl=1 260w\" sizes=\"auto, (max-width: 227px) 100vw, 227px\" \/><\/p>\n<p class=\"Text Link_im_Text_21\"><a class=\"nonblock\" href=\"http:\/\/www.escapedesign.de\/\" target=\"_blank\" rel=\"noopener\">www.escapedesign.de<\/a><\/p>\n<div  class='hr av-f0g5q-f4c3d4927ab1a26e4ff93f51be2f7c15 hr-default  avia-builder-el-5  el_after_av_hr  avia-builder-el-last '><span class='hr-inner '><span class=\"hr-inner-style\"><\/span><\/span><\/div>\n<p class=\"Text\">Copyright Bilder:<\/p>\n<ul>\n<li>Tierwohl Header: Heiko Hellwig<\/li>\n<\/ul>\n<\/div><\/section><\/div>\n<style type=\"text\/css\" data-created_by=\"avia_inline_auto\" id=\"style-css-av-87jsu-bc95a553aeaca119b6f5f475aec36189\">\n.flex_column.av-87jsu-bc95a553aeaca119b6f5f475aec36189{\nborder-radius:0px 0px 0px 0px;\npadding:0px 0px 0px 0px;\n}\n<\/style>\n<div  class='flex_column av-87jsu-bc95a553aeaca119b6f5f475aec36189 av_two_third  avia-builder-el-6  el_after_av_one_third  avia-builder-el-last  flex_column_div av-zero-column-padding  column-top-margin'     ><section  class='av_textblock_section av-knztdumd-dc2802e77f1c802daa70beb687457fb5 '   itemscope=\"itemscope\" itemtype=\"https:\/\/schema.org\/CreativeWork\" ><div class='avia_textblock'  itemprop=\"text\" ><h3 class=\"Unter-berschrift\">HAFTUNGSAUSSCHLUSS (DISCLAIMER)<\/h3>\n<h4 id=\"u66469-45\" class=\"Text\">Haftung f\u00fcr Inhalte<\/h4>\n<p class=\"Text\">Als Diensteanbieter sind wir gem\u00e4\u00df \u00a7 7 Abs.1 TMG f\u00fcr eigene Inhalte auf diesen Seiten nach den allgemeinen Gesetzen verantwortlich. Nach \u00a7\u00a7 8 bis 10 TMG sind wir als Diensteanbieter jedoch nicht verpflichtet, \u00fcbermittelte oder gespeicherte fremde Informationen zu \u00fcberwachen oder nach Umst\u00e4nden zu forschen, die auf eine rechtswidrige T\u00e4tigkeit hinweisen. Verpflichtungen zur Entfernung oder Sperrung der Nutzung von Informationen nach den allgemeinen Gesetzen bleiben hiervon unber\u00fchrt. Eine diesbez\u00fcgliche Haftung ist jedoch erst ab dem Zeitpunkt der Kenntnis einer konkreten Rechtsverletzung m\u00f6glich. Bei Bekanntwerden von entsprechenden Rechtsverletzungen werden wir diese Inhalte umgehend entfernen.<\/p>\n<h4 id=\"u66469-50\" class=\"Text\">Haftung f\u00fcr Links<\/h4>\n<p class=\"Text\">Unser Angebot enth\u00e4lt Links zu externen Webseiten Dritter, auf deren Inhalte wir keinen Einfluss haben. Deshalb k\u00f6nnen wir f\u00fcr diese fremden Inhalte auch keine Gew\u00e4hr \u00fcbernehmen. F\u00fcr die Inhalte der verlinkten Seiten ist stets der jeweilige Anbieter oder Betreiber der Seiten verantwortlich. Die verlinkten Seiten wurden zum Zeitpunkt der Verlinkung auf m\u00f6gliche Rechtsverst\u00f6\u00dfe \u00fcberpr\u00fcft. Rechtswidrige Inhalte waren zum Zeitpunkt der Verlinkung nicht erkennbar. Eine permanente inhaltliche Kontrolle der verlinkten Seiten ist jedoch ohne konkrete Anhaltspunkte einer Rechtsverletzung nicht zumutbar. Bei Bekanntwerden von Rechtsverletzungen werden wir derartige Links umgehend entfernen.<\/p>\n<h4 id=\"u66469-55\" class=\"Text\">Urheberrecht<\/h4>\n<p class=\"Text\">Die durch die Seitenbetreiber erstellten Inhalte und Werke auf diesen Seiten unterliegen dem deutschen Urheberrecht. Die Vervielf\u00e4ltigung, Bearbeitung, Verbreitung und jede Art der Verwertung au\u00dferhalb der Grenzen des Urheberrechtes bed\u00fcrfen der schriftlichen Zustimmung des jeweiligen Autors bzw. Erstellers. Downloads und Kopien dieser Seite sind nur f\u00fcr den privaten, nicht kommerziellen Gebrauch gestattet. Soweit die Inhalte auf dieser Seite nicht vom Betreiber erstellt wurden, werden die Urheberrechte Dritter beachtet. Insbesondere werden Inhalte Dritter als solche gekennzeichnet. Sollten Sie trotzdem auf eine Urheberrechtsverletzung aufmerksam werden, bitten wir um einen entsprechenden Hinweis. Bei Bekanntwerden von Rechtsverletzungen werden wir derartige Inhalte umgehend entfernen.<\/p>\n<\/div><\/section><\/div><\/p>\n","protected":false},"excerpt":{"rendered":"","protected":false},"author":1,"featured_media":0,"parent":0,"menu_order":0,"comment_status":"closed","ping_status":"closed","template":"","meta":{"footnotes":""},"class_list":["post-182","page","type-page","status-publish","hentry"],"jetpack_sharing_enabled":true,"_links":{"self":[{"href":"https:\/\/www.ecopell.de\/index.php?rest_route=\/wp\/v2\/pages\/182","targetHints":{"allow":["GET"]}}],"collection":[{"href":"https:\/\/www.ecopell.de\/index.php?rest_route=\/wp\/v2\/pages"}],"about":[{"href":"https:\/\/www.ecopell.de\/index.php?rest_route=\/wp\/v2\/types\/page"}],"author":[{"embeddable":true,"href":"https:\/\/www.ecopell.de\/index.php?rest_route=\/wp\/v2\/users\/1"}],"replies":[{"embeddable":true,"href":"https:\/\/www.ecopell.de\/index.php?rest_route=%2Fwp%2Fv2%2Fcomments&post=182"}],"version-history":[{"count":6,"href":"https:\/\/www.ecopell.de\/index.php?rest_route=\/wp\/v2\/pages\/182\/revisions"}],"predecessor-version":[{"id":1946,"href":"https:\/\/www.ecopell.de\/index.php?rest_route=\/wp\/v2\/pages\/182\/revisions\/1946"}],"wp:attachment":[{"href":"https:\/\/www.ecopell.de\/index.php?rest_route=%2Fwp%2Fv2%2Fmedia&parent=182"}],"curies":[{"name":"wp","href":"https:\/\/api.w.org\/{rel}","templated":true}]}}