{"id":178,"date":"2021-04-26T18:39:00","date_gmt":"2021-04-26T18:39:00","guid":{"rendered":"https:\/\/new.ecopell.de\/?page_id=178"},"modified":"2024-10-10T13:24:30","modified_gmt":"2024-10-10T11:24:30","slug":"team","status":"publish","type":"page","link":"https:\/\/www.ecopell.de\/?page_id=178","title":{"rendered":"TEAM"},"content":{"rendered":"<div id='full_slider_1'  class='avia-fullwidth-slider main_color avia-shadow   avia-builder-el-0  el_before_av_textblock  avia-builder-el-first   container_wrap fullsize'  >\n<style type=\"text\/css\" data-created_by=\"avia_inline_auto\" id=\"style-css-av-kntw3sdi-100f0528d7bc570d90238892a396b82c\">\n#top #wrap_all .avia-slideshow .av-slideshow-caption.av-kntw3sdi-100f0528d7bc570d90238892a396b82c__0 .avia-caption-title{\nfont-size:50px;\n}\n#top .avia-slideshow .av-slideshow-caption.av-kntw3sdi-100f0528d7bc570d90238892a396b82c__0 .avia-caption-content{\nfont-size:30px;\n}\n#top .avia-slideshow .av-slideshow-caption.av-kntw3sdi-100f0528d7bc570d90238892a396b82c__0 .avia-caption-content p{\nfont-size:30px;\n}\n<\/style>\n<div  class='avia-slideshow av-kntw3sdi-100f0528d7bc570d90238892a396b82c avia-slideshow-featured av_slideshow_full avia-slide-slider av-slideshow-ui av-control-hidden av-no-slider-navigation av-hide-nav-arrows av-slideshow-autoplay av-loop-endless av-loop-manual-endless av-default-height-applied   avia-slideshow-1' data-slideshow-options=\"{&quot;animation&quot;:&quot;slide&quot;,&quot;autoplay&quot;:true,&quot;loop_autoplay&quot;:&quot;endless&quot;,&quot;interval&quot;:5,&quot;loop_manual&quot;:&quot;manual-endless&quot;,&quot;autoplay_stopper&quot;:false,&quot;noNavigation&quot;:true,&quot;bg_slider&quot;:false,&quot;keep_padding&quot;:false,&quot;hoverpause&quot;:false,&quot;show_slide_delay&quot;:0}\"  itemprop=\"image\" itemscope=\"itemscope\" itemtype=\"https:\/\/schema.org\/ImageObject\" ><ul class='avia-slideshow-inner ' style='padding-bottom: 28.666666666667%;'><li  class='avia-slideshow-slide av-kntw3sdi-100f0528d7bc570d90238892a396b82c__0  av-single-slide slide-1 slide-odd'><div data-rel='slideshow-1' class='avia-slide-wrap '   ><img decoding=\"async\" fetchpriority=\"high\" class=\"wp-image-779 avia-img-lazy-loading-not-779\"  src=\"https:\/\/i0.wp.com\/www.ecopell.de\/wp-content\/uploads\/2021\/06\/Header_Team.jpg?resize=1500%2C430&ssl=1\" width=\"1500\" height=\"430\" title='Header_Team' alt=''  itemprop=\"thumbnailUrl\" srcset=\"https:\/\/i0.wp.com\/www.ecopell.de\/wp-content\/uploads\/2021\/06\/Header_Team.jpg?w=1500&amp;ssl=1 1500w, https:\/\/i0.wp.com\/www.ecopell.de\/wp-content\/uploads\/2021\/06\/Header_Team.jpg?resize=300%2C86&amp;ssl=1 300w, https:\/\/i0.wp.com\/www.ecopell.de\/wp-content\/uploads\/2021\/06\/Header_Team.jpg?resize=1030%2C295&amp;ssl=1 1030w, https:\/\/i0.wp.com\/www.ecopell.de\/wp-content\/uploads\/2021\/06\/Header_Team.jpg?resize=768%2C220&amp;ssl=1 768w, https:\/\/i0.wp.com\/www.ecopell.de\/wp-content\/uploads\/2021\/06\/Header_Team.jpg?resize=705%2C202&amp;ssl=1 705w\" sizes=\"(max-width: 1500px) 100vw, 1500px\" \/><\/div><\/li><\/ul><div class='av-slideshow-caption av-kntw3sdi-100f0528d7bc570d90238892a396b82c__0 caption_fullwidth caption_center caption_center_framed caption_framed'><div class=\"container caption_container\"><div class=\"slideshow_caption\"><div class=\"slideshow_inner_caption\"><div class=\"slideshow_align_caption\"><h2 class='avia-caption-title '  itemprop=\"name\" >UNSER TEAM<\/h2><div class='avia-caption-content '  itemprop=\"description\" ><p>Wir stellen uns vor&#8230;<\/p>\n<\/div><\/div><\/div><\/div><\/div><\/div><\/div><\/div><div id='after_full_slider_1'  class='main_color av_default_container_wrap container_wrap fullsize'  ><div class='container av-section-cont-open' ><div class='template-page content  av-content-full alpha units'><div class='post-entry post-entry-type-page post-entry-178'><div class='entry-content-wrapper clearfix'>\n<section  class='av_textblock_section av-kntvz7lq-1f17139c7f650a3406636206f4a135ed '   itemscope=\"itemscope\" itemtype=\"https:\/\/schema.org\/CreativeWork\" ><div class='avia_textblock'  itemprop=\"text\" ><h1>Unser Team &#8230;<\/h1>\n\n<style type=\"text\/css\" data-created_by=\"avia_inline_auto\" id=\"style-css-av-oh6n-2d2cb97ae7d0410969f4efc60bb99c4b\">\n.av_font_icon.av-oh6n-2d2cb97ae7d0410969f4efc60bb99c4b .av-icon-char{\nfont-size:40px;\nline-height:40px;\n}\n<\/style>\n<span  class='av_font_icon av-oh6n-2d2cb97ae7d0410969f4efc60bb99c4b avia_animate_when_visible av-icon-style- avia-icon-pos-left avia-iconfont avia-font-entypo-fontello av-no-color avia-icon-animate'><span class='av-icon-char' data-av_icon='\ue819' data-av_iconfont='entypo-fontello' aria-hidden=\"true\" ><\/span><\/span>\n<\/div><\/section>\n\n<style type=\"text\/css\" data-created_by=\"avia_inline_auto\" id=\"style-css-av-1rz4k-810274d3a885ec3b9cc5371e554c17ca\">\n.flex_column.av-1rz4k-810274d3a885ec3b9cc5371e554c17ca{\nborder-radius:0px 0px 0px 0px;\npadding:0px 0px 0px 0px;\n}\n<\/style>\n<div  class='flex_column av-1rz4k-810274d3a885ec3b9cc5371e554c17ca av_one_full  avia-builder-el-3  el_after_av_textblock  el_before_av_one_fourth  first flex_column_div av-zero-column-padding  column-top-margin'     ><section  class='av_textblock_section av-kntw08x8-c4a7de28a9a00341b121d2151c238a73 '   itemscope=\"itemscope\" itemtype=\"https:\/\/schema.org\/CreativeWork\" ><div class='avia_textblock'  itemprop=\"text\" ><p>Der Kauf von Leder und Lederprodukten ist auch eine Vertrauenssache.<\/p>\n<p>Deshalb m\u00f6chten wir, dass Sie sich nicht nur ein Bild \u00fcber unsere Leder sondern auch \u00fcber die Menschen, die hinter der Philosophie von Ecopell stehen, machen k\u00f6nnen. Unser Team steht Ihnen f\u00fcr Fragen und Anregungen gerne zur Verf\u00fcgung.<\/p>\n<p>Rufen Sie uns einfach an! Telefonnummer: +49 (0) 837 592 190<\/p>\n<p>Wir freuen uns auf Sie!<\/p>\n<\/div><\/section><\/div>\n\n<style type=\"text\/css\" data-created_by=\"avia_inline_auto\" id=\"style-css-av-oy9k-c848190e332566ceaf4f8c1b00851a24\">\n.flex_column.av-oy9k-c848190e332566ceaf4f8c1b00851a24{\nborder-radius:0px 0px 0px 0px;\npadding:0px 0px 0px 0px;\n}\n<\/style>\n<div  class='flex_column av-oy9k-c848190e332566ceaf4f8c1b00851a24 av_one_fourth  avia-builder-el-5  el_after_av_one_full  el_before_av_one_fourth  first flex_column_div av-zero-column-padding  column-top-margin'     ><section  class='avia-team-member av-kpnoxeft-53ac7e4a1f8d8bc7293fe46856502644  avia-builder-el-6  avia-builder-el-no-sibling '  itemscope=\"itemscope\" itemtype=\"https:\/\/schema.org\/Person\" ><div class=\"team-img-container\"><img decoding=\"async\" fetchpriority=\"high\" class='wp-image-593 avia-img-lazy-loading-not-593 avia_image avia_image_team' src=\"https:\/\/i0.wp.com\/www.ecopell.de\/wp-content\/uploads\/2021\/06\/Johann-PeterSchomisch_Gescha%CC%88ftsfu%CC%88hrer-scaled.jpg?fit=300%2C300&ssl=1\" alt='Johann Peter Schomisch'  itemprop=\"image\"   height=\"300\" width=\"300\" \/><\/div><h3 class='team-member-name '  itemprop=\"name\" >Johann Peter Schomisch<\/h3><div class='team-member-job-title '  itemprop=\"jobTitle\" >Gesch\u00e4ftsf\u00fchrer<\/div><span class='hidden team-member-affiliation'  itemprop=\"affiliation\" >ECOPELL<\/span><\/section><\/div>\n\n<style type=\"text\/css\" data-created_by=\"avia_inline_auto\" id=\"style-css-av-oy9k-16-26b683b42aaa46aeec142147ef150354\">\n.flex_column.av-oy9k-16-26b683b42aaa46aeec142147ef150354{\nborder-radius:0px 0px 0px 0px;\npadding:0px 0px 0px 0px;\n}\n<\/style>\n<div  class='flex_column av-oy9k-16-26b683b42aaa46aeec142147ef150354 av_one_fourth  avia-builder-el-7  el_after_av_one_fourth  el_before_av_one_fourth  flex_column_div av-zero-column-padding  column-top-margin'     ><section  class='avia-team-member av-kpnoxeft-15-a3a64eba551bbb019cdf536d4d238fa3  avia-builder-el-8  avia-builder-el-no-sibling '  itemscope=\"itemscope\" itemtype=\"https:\/\/schema.org\/Person\" ><div class=\"team-img-container\"><img decoding=\"async\" fetchpriority=\"high\" class='wp-image-599 avia-img-lazy-loading-not-599 avia_image avia_image_team' src=\"https:\/\/i0.wp.com\/www.ecopell.de\/wp-content\/uploads\/2021\/06\/NatalieMetz_Gescha%CC%88ftsfu%CC%88hrerin-scaled.jpg?fit=300%2C300&ssl=1\" alt='Natalie Metz'  itemprop=\"image\"   height=\"300\" width=\"300\" \/><\/div><h3 class='team-member-name '  itemprop=\"name\" >Natalie Metz<\/h3><div class='team-member-job-title '  itemprop=\"jobTitle\" >Gesch\u00e4ftsf\u00fchrerin<\/div><span class='hidden team-member-affiliation'  itemprop=\"affiliation\" >ECOPELL<\/span><\/section><\/div>\n\n<style type=\"text\/css\" data-created_by=\"avia_inline_auto\" id=\"style-css-av-oy9k-14-48bd4c8a1424dccfc81a2835e7b20b37\">\n.flex_column.av-oy9k-14-48bd4c8a1424dccfc81a2835e7b20b37{\nborder-radius:0px 0px 0px 0px;\npadding:0px 0px 0px 0px;\n}\n<\/style>\n<div  class='flex_column av-oy9k-14-48bd4c8a1424dccfc81a2835e7b20b37 av_one_fourth  avia-builder-el-9  el_after_av_one_fourth  el_before_av_one_fourth  flex_column_div av-zero-column-padding  column-top-margin'     ><section  class='avia-team-member av-kpnoxeft-13-094ebf92f18876a50b7a8e99aa42c526  avia-builder-el-10  avia-builder-el-no-sibling '  itemscope=\"itemscope\" itemtype=\"https:\/\/schema.org\/Person\" ><div class=\"team-img-container\"><img decoding=\"async\" fetchpriority=\"high\" class='wp-image-603 avia-img-lazy-loading-not-603 avia_image avia_image_team' src=\"https:\/\/i0.wp.com\/www.ecopell.de\/wp-content\/uploads\/2021\/06\/RobinMetz_Zentrale-scaled.jpg?fit=300%2C300&ssl=1\" alt='Robin Metz'  itemprop=\"image\"   height=\"300\" width=\"300\" srcset=\"https:\/\/i0.wp.com\/www.ecopell.de\/wp-content\/uploads\/2021\/06\/RobinMetz_Zentrale-scaled.jpg?w=2560&amp;ssl=1 2560w, https:\/\/i0.wp.com\/www.ecopell.de\/wp-content\/uploads\/2021\/06\/RobinMetz_Zentrale-scaled.jpg?resize=300%2C300&amp;ssl=1 300w, https:\/\/i0.wp.com\/www.ecopell.de\/wp-content\/uploads\/2021\/06\/RobinMetz_Zentrale-scaled.jpg?resize=1030%2C1030&amp;ssl=1 1030w, https:\/\/i0.wp.com\/www.ecopell.de\/wp-content\/uploads\/2021\/06\/RobinMetz_Zentrale-scaled.jpg?resize=80%2C80&amp;ssl=1 80w, https:\/\/i0.wp.com\/www.ecopell.de\/wp-content\/uploads\/2021\/06\/RobinMetz_Zentrale-scaled.jpg?resize=768%2C768&amp;ssl=1 768w, https:\/\/i0.wp.com\/www.ecopell.de\/wp-content\/uploads\/2021\/06\/RobinMetz_Zentrale-scaled.jpg?resize=1536%2C1536&amp;ssl=1 1536w, https:\/\/i0.wp.com\/www.ecopell.de\/wp-content\/uploads\/2021\/06\/RobinMetz_Zentrale-scaled.jpg?resize=2048%2C2048&amp;ssl=1 2048w, https:\/\/i0.wp.com\/www.ecopell.de\/wp-content\/uploads\/2021\/06\/RobinMetz_Zentrale-scaled.jpg?resize=36%2C36&amp;ssl=1 36w, https:\/\/i0.wp.com\/www.ecopell.de\/wp-content\/uploads\/2021\/06\/RobinMetz_Zentrale-scaled.jpg?resize=180%2C180&amp;ssl=1 180w, https:\/\/i0.wp.com\/www.ecopell.de\/wp-content\/uploads\/2021\/06\/RobinMetz_Zentrale-scaled.jpg?resize=1500%2C1500&amp;ssl=1 1500w, https:\/\/i0.wp.com\/www.ecopell.de\/wp-content\/uploads\/2021\/06\/RobinMetz_Zentrale-scaled.jpg?resize=705%2C705&amp;ssl=1 705w\" sizes=\"(max-width: 300px) 100vw, 300px\" \/><\/div><h3 class='team-member-name '  itemprop=\"name\" >Robin Metz<\/h3><div class='team-member-job-title '  itemprop=\"jobTitle\" >Zentrale<\/div><span class='hidden team-member-affiliation'  itemprop=\"affiliation\" >ECOPELL<\/span><\/section><\/div>\n\n<style type=\"text\/css\" data-created_by=\"avia_inline_auto\" id=\"style-css-av-oy9k-12-c7db6c639f03d0095bccbfd2cf436209\">\n.flex_column.av-oy9k-12-c7db6c639f03d0095bccbfd2cf436209{\nborder-radius:0px 0px 0px 0px;\npadding:0px 0px 0px 0px;\n}\n<\/style>\n<div  class='flex_column av-oy9k-12-c7db6c639f03d0095bccbfd2cf436209 av_one_fourth  avia-builder-el-11  el_after_av_one_fourth  el_before_av_one_fourth  flex_column_div av-zero-column-padding  column-top-margin'     ><section  class='avia-team-member av-kpnoxeft-11-c039c1dc5df8558b312a0ed111441bd3  avia-builder-el-12  avia-builder-el-no-sibling '  itemscope=\"itemscope\" itemtype=\"https:\/\/schema.org\/Person\" ><div class=\"team-img-container\"><img decoding=\"async\" fetchpriority=\"high\" class='wp-image-591 avia-img-lazy-loading-not-591 avia_image avia_image_team' src=\"https:\/\/i0.wp.com\/www.ecopell.de\/wp-content\/uploads\/2021\/06\/ChristelSchomisch_Buchhaltung-scaled.jpg?fit=300%2C300&ssl=1\" alt='Christel Schomisch'  itemprop=\"image\"   height=\"300\" width=\"300\" srcset=\"https:\/\/i0.wp.com\/www.ecopell.de\/wp-content\/uploads\/2021\/06\/ChristelSchomisch_Buchhaltung-scaled.jpg?w=2560&amp;ssl=1 2560w, https:\/\/i0.wp.com\/www.ecopell.de\/wp-content\/uploads\/2021\/06\/ChristelSchomisch_Buchhaltung-scaled.jpg?resize=300%2C300&amp;ssl=1 300w, https:\/\/i0.wp.com\/www.ecopell.de\/wp-content\/uploads\/2021\/06\/ChristelSchomisch_Buchhaltung-scaled.jpg?resize=1030%2C1030&amp;ssl=1 1030w, https:\/\/i0.wp.com\/www.ecopell.de\/wp-content\/uploads\/2021\/06\/ChristelSchomisch_Buchhaltung-scaled.jpg?resize=80%2C80&amp;ssl=1 80w, https:\/\/i0.wp.com\/www.ecopell.de\/wp-content\/uploads\/2021\/06\/ChristelSchomisch_Buchhaltung-scaled.jpg?resize=768%2C768&amp;ssl=1 768w, https:\/\/i0.wp.com\/www.ecopell.de\/wp-content\/uploads\/2021\/06\/ChristelSchomisch_Buchhaltung-scaled.jpg?resize=1536%2C1536&amp;ssl=1 1536w, https:\/\/i0.wp.com\/www.ecopell.de\/wp-content\/uploads\/2021\/06\/ChristelSchomisch_Buchhaltung-scaled.jpg?resize=2048%2C2048&amp;ssl=1 2048w, https:\/\/i0.wp.com\/www.ecopell.de\/wp-content\/uploads\/2021\/06\/ChristelSchomisch_Buchhaltung-scaled.jpg?resize=36%2C36&amp;ssl=1 36w, https:\/\/i0.wp.com\/www.ecopell.de\/wp-content\/uploads\/2021\/06\/ChristelSchomisch_Buchhaltung-scaled.jpg?resize=180%2C180&amp;ssl=1 180w, https:\/\/i0.wp.com\/www.ecopell.de\/wp-content\/uploads\/2021\/06\/ChristelSchomisch_Buchhaltung-scaled.jpg?resize=1500%2C1500&amp;ssl=1 1500w, https:\/\/i0.wp.com\/www.ecopell.de\/wp-content\/uploads\/2021\/06\/ChristelSchomisch_Buchhaltung-scaled.jpg?resize=705%2C705&amp;ssl=1 705w\" sizes=\"(max-width: 300px) 100vw, 300px\" \/><\/div><h3 class='team-member-name '  itemprop=\"name\" >Christel Schomisch<\/h3><div class='team-member-job-title '  itemprop=\"jobTitle\" >Buchhaltung<\/div><span class='hidden team-member-affiliation'  itemprop=\"affiliation\" >ECOPELL<\/span><\/section><\/div>\n\n<style type=\"text\/css\" data-created_by=\"avia_inline_auto\" id=\"style-css-av-oy9k-10-92aefc13600a7c9705499ef8d8c20c8d\">\n.flex_column.av-oy9k-10-92aefc13600a7c9705499ef8d8c20c8d{\nborder-radius:0px 0px 0px 0px;\npadding:0px 0px 0px 0px;\n}\n<\/style>\n<div  class='flex_column av-oy9k-10-92aefc13600a7c9705499ef8d8c20c8d av_one_fourth  avia-builder-el-13  el_after_av_one_fourth  el_before_av_one_fourth  first flex_column_div av-zero-column-padding  column-top-margin'     ><section  class='avia-team-member av-kpnoxeft-9-dd0ae5d191a08461db0e76738e48e76b  avia-builder-el-14  avia-builder-el-no-sibling '  itemscope=\"itemscope\" itemtype=\"https:\/\/schema.org\/Person\" ><div class=\"team-img-container\"><img decoding=\"async\" fetchpriority=\"high\" class='wp-image-589 avia-img-lazy-loading-not-589 avia_image avia_image_team' src=\"https:\/\/i0.wp.com\/www.ecopell.de\/wp-content\/uploads\/2021\/06\/AngelaSchomisch_Bestand-scaled.jpg?fit=300%2C300&ssl=1\" alt='Angela Schomisch'  itemprop=\"image\"   height=\"300\" width=\"300\" srcset=\"https:\/\/i0.wp.com\/www.ecopell.de\/wp-content\/uploads\/2021\/06\/AngelaSchomisch_Bestand-scaled.jpg?w=2560&amp;ssl=1 2560w, https:\/\/i0.wp.com\/www.ecopell.de\/wp-content\/uploads\/2021\/06\/AngelaSchomisch_Bestand-scaled.jpg?resize=300%2C300&amp;ssl=1 300w, https:\/\/i0.wp.com\/www.ecopell.de\/wp-content\/uploads\/2021\/06\/AngelaSchomisch_Bestand-scaled.jpg?resize=1030%2C1030&amp;ssl=1 1030w, https:\/\/i0.wp.com\/www.ecopell.de\/wp-content\/uploads\/2021\/06\/AngelaSchomisch_Bestand-scaled.jpg?resize=80%2C80&amp;ssl=1 80w, https:\/\/i0.wp.com\/www.ecopell.de\/wp-content\/uploads\/2021\/06\/AngelaSchomisch_Bestand-scaled.jpg?resize=768%2C768&amp;ssl=1 768w, https:\/\/i0.wp.com\/www.ecopell.de\/wp-content\/uploads\/2021\/06\/AngelaSchomisch_Bestand-scaled.jpg?resize=1536%2C1536&amp;ssl=1 1536w, https:\/\/i0.wp.com\/www.ecopell.de\/wp-content\/uploads\/2021\/06\/AngelaSchomisch_Bestand-scaled.jpg?resize=2048%2C2048&amp;ssl=1 2048w, https:\/\/i0.wp.com\/www.ecopell.de\/wp-content\/uploads\/2021\/06\/AngelaSchomisch_Bestand-scaled.jpg?resize=36%2C36&amp;ssl=1 36w, https:\/\/i0.wp.com\/www.ecopell.de\/wp-content\/uploads\/2021\/06\/AngelaSchomisch_Bestand-scaled.jpg?resize=180%2C180&amp;ssl=1 180w, https:\/\/i0.wp.com\/www.ecopell.de\/wp-content\/uploads\/2021\/06\/AngelaSchomisch_Bestand-scaled.jpg?resize=1500%2C1500&amp;ssl=1 1500w, https:\/\/i0.wp.com\/www.ecopell.de\/wp-content\/uploads\/2021\/06\/AngelaSchomisch_Bestand-scaled.jpg?resize=705%2C705&amp;ssl=1 705w\" sizes=\"(max-width: 300px) 100vw, 300px\" \/><\/div><h3 class='team-member-name '  itemprop=\"name\" >Angela Schomisch<\/h3><div class='team-member-job-title '  itemprop=\"jobTitle\" >Bestand<\/div><span class='hidden team-member-affiliation'  itemprop=\"affiliation\" >ECOPELL<\/span><\/section><\/div>\n\n<style type=\"text\/css\" data-created_by=\"avia_inline_auto\" id=\"style-css-av-oy9k-8-0944bd91c18e4ff2d37964b28700b751\">\n.flex_column.av-oy9k-8-0944bd91c18e4ff2d37964b28700b751{\nborder-radius:0px 0px 0px 0px;\npadding:0px 0px 0px 0px;\n}\n<\/style>\n<div  class='flex_column av-oy9k-8-0944bd91c18e4ff2d37964b28700b751 av_one_fourth  avia-builder-el-15  el_after_av_one_fourth  el_before_av_one_fourth  flex_column_div av-zero-column-padding  column-top-margin'     ><section  class='avia-team-member av-kpnoxeft-7-b2c1ecc3362cf5870687adff2d3df051  avia-builder-el-16  avia-builder-el-no-sibling '  itemscope=\"itemscope\" itemtype=\"https:\/\/schema.org\/Person\" ><div class=\"team-img-container\"><img decoding=\"async\" fetchpriority=\"high\" class='wp-image-595 avia-img-lazy-loading-not-595 avia_image avia_image_team' src=\"https:\/\/i0.wp.com\/www.ecopell.de\/wp-content\/uploads\/2021\/06\/ManfredGeier_Lager-scaled.jpg?fit=300%2C300&ssl=1\" alt='Manfred Geier'  itemprop=\"image\"   height=\"300\" width=\"300\" srcset=\"https:\/\/i0.wp.com\/www.ecopell.de\/wp-content\/uploads\/2021\/06\/ManfredGeier_Lager-scaled.jpg?w=2560&amp;ssl=1 2560w, https:\/\/i0.wp.com\/www.ecopell.de\/wp-content\/uploads\/2021\/06\/ManfredGeier_Lager-scaled.jpg?resize=300%2C300&amp;ssl=1 300w, https:\/\/i0.wp.com\/www.ecopell.de\/wp-content\/uploads\/2021\/06\/ManfredGeier_Lager-scaled.jpg?resize=1030%2C1030&amp;ssl=1 1030w, https:\/\/i0.wp.com\/www.ecopell.de\/wp-content\/uploads\/2021\/06\/ManfredGeier_Lager-scaled.jpg?resize=80%2C80&amp;ssl=1 80w, https:\/\/i0.wp.com\/www.ecopell.de\/wp-content\/uploads\/2021\/06\/ManfredGeier_Lager-scaled.jpg?resize=768%2C768&amp;ssl=1 768w, https:\/\/i0.wp.com\/www.ecopell.de\/wp-content\/uploads\/2021\/06\/ManfredGeier_Lager-scaled.jpg?resize=1536%2C1536&amp;ssl=1 1536w, https:\/\/i0.wp.com\/www.ecopell.de\/wp-content\/uploads\/2021\/06\/ManfredGeier_Lager-scaled.jpg?resize=2048%2C2048&amp;ssl=1 2048w, https:\/\/i0.wp.com\/www.ecopell.de\/wp-content\/uploads\/2021\/06\/ManfredGeier_Lager-scaled.jpg?resize=36%2C36&amp;ssl=1 36w, https:\/\/i0.wp.com\/www.ecopell.de\/wp-content\/uploads\/2021\/06\/ManfredGeier_Lager-scaled.jpg?resize=180%2C180&amp;ssl=1 180w, https:\/\/i0.wp.com\/www.ecopell.de\/wp-content\/uploads\/2021\/06\/ManfredGeier_Lager-scaled.jpg?resize=1500%2C1500&amp;ssl=1 1500w, https:\/\/i0.wp.com\/www.ecopell.de\/wp-content\/uploads\/2021\/06\/ManfredGeier_Lager-scaled.jpg?resize=705%2C705&amp;ssl=1 705w\" sizes=\"(max-width: 300px) 100vw, 300px\" \/><\/div><h3 class='team-member-name '  itemprop=\"name\" >Manfred Geier<\/h3><div class='team-member-job-title '  itemprop=\"jobTitle\" >Lager<\/div><span class='hidden team-member-affiliation'  itemprop=\"affiliation\" >ECOPELL<\/span><\/section><\/div>\n\n<style type=\"text\/css\" data-created_by=\"avia_inline_auto\" id=\"style-css-av-oy9k-6-b9be71477461d6875fc555dabfa1868a\">\n.flex_column.av-oy9k-6-b9be71477461d6875fc555dabfa1868a{\nborder-radius:0px 0px 0px 0px;\npadding:0px 0px 0px 0px;\n}\n<\/style>\n<div  class='flex_column av-oy9k-6-b9be71477461d6875fc555dabfa1868a av_one_fourth  avia-builder-el-17  el_after_av_one_fourth  el_before_av_one_fourth  flex_column_div av-zero-column-padding  column-top-margin'     ><section  class='avia-team-member av-kpnoxeft-5-2dc3b08236f47c1824922f567c940f2f  avia-builder-el-18  avia-builder-el-no-sibling '  itemscope=\"itemscope\" itemtype=\"https:\/\/schema.org\/Person\" ><div class=\"team-img-container\"><img decoding=\"async\" fetchpriority=\"high\" class='wp-image-605 avia-img-lazy-loading-not-605 avia_image avia_image_team' src=\"https:\/\/i0.wp.com\/www.ecopell.de\/wp-content\/uploads\/2021\/06\/WernerSchwarz_Lager-scaled.jpg?fit=300%2C300&ssl=1\" alt='Werner Schwarz'  itemprop=\"image\"   height=\"300\" width=\"300\" srcset=\"https:\/\/i0.wp.com\/www.ecopell.de\/wp-content\/uploads\/2021\/06\/WernerSchwarz_Lager-scaled.jpg?w=2560&amp;ssl=1 2560w, https:\/\/i0.wp.com\/www.ecopell.de\/wp-content\/uploads\/2021\/06\/WernerSchwarz_Lager-scaled.jpg?resize=300%2C300&amp;ssl=1 300w, https:\/\/i0.wp.com\/www.ecopell.de\/wp-content\/uploads\/2021\/06\/WernerSchwarz_Lager-scaled.jpg?resize=1030%2C1030&amp;ssl=1 1030w, https:\/\/i0.wp.com\/www.ecopell.de\/wp-content\/uploads\/2021\/06\/WernerSchwarz_Lager-scaled.jpg?resize=80%2C80&amp;ssl=1 80w, https:\/\/i0.wp.com\/www.ecopell.de\/wp-content\/uploads\/2021\/06\/WernerSchwarz_Lager-scaled.jpg?resize=768%2C768&amp;ssl=1 768w, https:\/\/i0.wp.com\/www.ecopell.de\/wp-content\/uploads\/2021\/06\/WernerSchwarz_Lager-scaled.jpg?resize=1536%2C1536&amp;ssl=1 1536w, https:\/\/i0.wp.com\/www.ecopell.de\/wp-content\/uploads\/2021\/06\/WernerSchwarz_Lager-scaled.jpg?resize=2048%2C2048&amp;ssl=1 2048w, https:\/\/i0.wp.com\/www.ecopell.de\/wp-content\/uploads\/2021\/06\/WernerSchwarz_Lager-scaled.jpg?resize=36%2C36&amp;ssl=1 36w, https:\/\/i0.wp.com\/www.ecopell.de\/wp-content\/uploads\/2021\/06\/WernerSchwarz_Lager-scaled.jpg?resize=180%2C180&amp;ssl=1 180w, https:\/\/i0.wp.com\/www.ecopell.de\/wp-content\/uploads\/2021\/06\/WernerSchwarz_Lager-scaled.jpg?resize=1500%2C1500&amp;ssl=1 1500w, https:\/\/i0.wp.com\/www.ecopell.de\/wp-content\/uploads\/2021\/06\/WernerSchwarz_Lager-scaled.jpg?resize=705%2C705&amp;ssl=1 705w\" sizes=\"(max-width: 300px) 100vw, 300px\" \/><\/div><h3 class='team-member-name '  itemprop=\"name\" >Werner Schwarz<\/h3><div class='team-member-job-title '  itemprop=\"jobTitle\" >Lager<\/div><span class='hidden team-member-affiliation'  itemprop=\"affiliation\" >ECOPELL<\/span><\/section><\/div>\n\n<style type=\"text\/css\" data-created_by=\"avia_inline_auto\" id=\"style-css-av-oy9k-4-392c2f02fc1a39d6fc14e637950fc7db\">\n.flex_column.av-oy9k-4-392c2f02fc1a39d6fc14e637950fc7db{\nborder-radius:0px 0px 0px 0px;\npadding:0px 0px 0px 0px;\n}\n<\/style>\n<div  class='flex_column av-oy9k-4-392c2f02fc1a39d6fc14e637950fc7db av_one_fourth  avia-builder-el-19  el_after_av_one_fourth  el_before_av_one_fourth  flex_column_div av-zero-column-padding  column-top-margin'     ><section  class='avia-team-member av-kpnoxeft-3-9c17a503ff0348a09e3c2417cced3d3f  avia-builder-el-20  avia-builder-el-no-sibling '  itemscope=\"itemscope\" itemtype=\"https:\/\/schema.org\/Person\" ><div class=\"team-img-container\"><img decoding=\"async\" fetchpriority=\"high\" class='wp-image-597 avia-img-lazy-loading-not-597 avia_image avia_image_team' src=\"https:\/\/i0.wp.com\/www.ecopell.de\/wp-content\/uploads\/2021\/06\/Mattha%CC%88usHerb_Lager-scaled.jpg?fit=300%2C300&ssl=1\" alt='Mattha\u0308us Herb'  itemprop=\"image\"   height=\"300\" width=\"300\" \/><\/div><h3 class='team-member-name '  itemprop=\"name\" >Mattha\u0308us Herb<\/h3><div class='team-member-job-title '  itemprop=\"jobTitle\" >Lager<\/div><span class='hidden team-member-affiliation'  itemprop=\"affiliation\" >ECOPELL<\/span><\/section><\/div>\n\n<style type=\"text\/css\" data-created_by=\"avia_inline_auto\" id=\"style-css-av-erbga-af8aa2ce324e6f4ae38eaceedeeb27bf\">\n.flex_column.av-erbga-af8aa2ce324e6f4ae38eaceedeeb27bf{\nborder-radius:0px 0px 0px 0px;\npadding:0px 0px 0px 0px;\n}\n<\/style>\n<div  class='flex_column av-erbga-af8aa2ce324e6f4ae38eaceedeeb27bf av_one_fourth  avia-builder-el-21  el_after_av_one_fourth  avia-builder-el-last  first flex_column_div av-zero-column-padding  column-top-margin'     ><section  class='avia-team-member av-ll0m79eb-901c1a6f4c6e54c56b94b126b2bcaab4  avia-builder-el-22  avia-builder-el-no-sibling '  itemscope=\"itemscope\" itemtype=\"https:\/\/schema.org\/Person\" ><div class=\"team-img-container\"><img decoding=\"async\" fetchpriority=\"high\" class='wp-image-2957 avia-img-lazy-loading-not-2957 avia_image avia_image_team' src=\"https:\/\/i0.wp.com\/www.ecopell.de\/wp-content\/uploads\/2023\/08\/IMG_4786.jpg?fit=1030%2C1030&ssl=1\" alt='Norbert Rost'  itemprop=\"image\"   height=\"1030\" width=\"1030\" srcset=\"https:\/\/i0.wp.com\/www.ecopell.de\/wp-content\/uploads\/2023\/08\/IMG_4786.jpg?w=2258&amp;ssl=1 2258w, https:\/\/i0.wp.com\/www.ecopell.de\/wp-content\/uploads\/2023\/08\/IMG_4786.jpg?resize=300%2C300&amp;ssl=1 300w, https:\/\/i0.wp.com\/www.ecopell.de\/wp-content\/uploads\/2023\/08\/IMG_4786.jpg?resize=1030%2C1030&amp;ssl=1 1030w, https:\/\/i0.wp.com\/www.ecopell.de\/wp-content\/uploads\/2023\/08\/IMG_4786.jpg?resize=80%2C80&amp;ssl=1 80w, https:\/\/i0.wp.com\/www.ecopell.de\/wp-content\/uploads\/2023\/08\/IMG_4786.jpg?resize=768%2C768&amp;ssl=1 768w, https:\/\/i0.wp.com\/www.ecopell.de\/wp-content\/uploads\/2023\/08\/IMG_4786.jpg?resize=1536%2C1536&amp;ssl=1 1536w, https:\/\/i0.wp.com\/www.ecopell.de\/wp-content\/uploads\/2023\/08\/IMG_4786.jpg?resize=2048%2C2048&amp;ssl=1 2048w, https:\/\/i0.wp.com\/www.ecopell.de\/wp-content\/uploads\/2023\/08\/IMG_4786.jpg?resize=36%2C36&amp;ssl=1 36w, https:\/\/i0.wp.com\/www.ecopell.de\/wp-content\/uploads\/2023\/08\/IMG_4786.jpg?resize=180%2C180&amp;ssl=1 180w, https:\/\/i0.wp.com\/www.ecopell.de\/wp-content\/uploads\/2023\/08\/IMG_4786.jpg?resize=1500%2C1500&amp;ssl=1 1500w, https:\/\/i0.wp.com\/www.ecopell.de\/wp-content\/uploads\/2023\/08\/IMG_4786.jpg?resize=705%2C705&amp;ssl=1 705w\" sizes=\"(max-width: 1030px) 100vw, 1030px\" \/><\/div><h3 class='team-member-name '  itemprop=\"name\" >Norbert Rost<\/h3><div class='team-member-job-title '  itemprop=\"jobTitle\" >Versand<\/div><span class='hidden team-member-affiliation'  itemprop=\"affiliation\" >ECOPELL<\/span><\/section><\/div>\n","protected":false},"excerpt":{"rendered":"","protected":false},"author":1,"featured_media":0,"parent":0,"menu_order":0,"comment_status":"closed","ping_status":"closed","template":"","meta":{"footnotes":""},"class_list":["post-178","page","type-page","status-publish","hentry"],"jetpack_sharing_enabled":true,"_links":{"self":[{"href":"https:\/\/www.ecopell.de\/index.php?rest_route=\/wp\/v2\/pages\/178","targetHints":{"allow":["GET"]}}],"collection":[{"href":"https:\/\/www.ecopell.de\/index.php?rest_route=\/wp\/v2\/pages"}],"about":[{"href":"https:\/\/www.ecopell.de\/index.php?rest_route=\/wp\/v2\/types\/page"}],"author":[{"embeddable":true,"href":"https:\/\/www.ecopell.de\/index.php?rest_route=\/wp\/v2\/users\/1"}],"replies":[{"embeddable":true,"href":"https:\/\/www.ecopell.de\/index.php?rest_route=%2Fwp%2Fv2%2Fcomments&post=178"}],"version-history":[{"count":7,"href":"https:\/\/www.ecopell.de\/index.php?rest_route=\/wp\/v2\/pages\/178\/revisions"}],"predecessor-version":[{"id":2999,"href":"https:\/\/www.ecopell.de\/index.php?rest_route=\/wp\/v2\/pages\/178\/revisions\/2999"}],"wp:attachment":[{"href":"https:\/\/www.ecopell.de\/index.php?rest_route=%2Fwp%2Fv2%2Fmedia&parent=178"}],"curies":[{"name":"wp","href":"https:\/\/api.w.org\/{rel}","templated":true}]}}