{"id":172,"date":"2021-04-26T18:37:40","date_gmt":"2021-04-26T18:37:40","guid":{"rendered":"https:\/\/new.ecopell.de\/?page_id=172"},"modified":"2021-10-04T13:38:08","modified_gmt":"2021-10-04T13:38:08","slug":"tierwohl","status":"publish","type":"page","link":"https:\/\/www.ecopell.de\/?page_id=172","title":{"rendered":"TIERWOHL"},"content":{"rendered":"<div id='full_slider_1'  class='avia-fullwidth-slider main_color avia-shadow   avia-builder-el-0  el_before_av_textblock  avia-builder-el-first   container_wrap fullsize'  >\n<style type=\"text\/css\" data-created_by=\"avia_inline_auto\" id=\"style-css-av-kntw3sdi-2297a6a4050bd4465233f8a593fffbb2\">\n#top #wrap_all .avia-slideshow .av-slideshow-caption.av-kntw3sdi-2297a6a4050bd4465233f8a593fffbb2__0 .avia-caption-title{\nfont-size:50px;\n}\n#top .avia-slideshow .av-slideshow-caption.av-kntw3sdi-2297a6a4050bd4465233f8a593fffbb2__0 .avia-caption-content{\nfont-size:30px;\n}\n#top .avia-slideshow .av-slideshow-caption.av-kntw3sdi-2297a6a4050bd4465233f8a593fffbb2__0 .avia-caption-content p{\nfont-size:30px;\n}\n<\/style>\n<div  class='avia-slideshow av-kntw3sdi-2297a6a4050bd4465233f8a593fffbb2 avia-slideshow-featured av_slideshow_full avia-slide-slider av-slideshow-ui av-control-hidden av-no-slider-navigation av-hide-nav-arrows av-slideshow-autoplay av-loop-endless av-loop-manual-endless av-default-height-applied   avia-slideshow-1' data-slideshow-options=\"{&quot;animation&quot;:&quot;slide&quot;,&quot;autoplay&quot;:true,&quot;loop_autoplay&quot;:&quot;endless&quot;,&quot;interval&quot;:5,&quot;loop_manual&quot;:&quot;manual-endless&quot;,&quot;autoplay_stopper&quot;:false,&quot;noNavigation&quot;:true,&quot;bg_slider&quot;:false,&quot;keep_padding&quot;:false,&quot;hoverpause&quot;:false,&quot;show_slide_delay&quot;:0}\"  itemprop=\"image\" itemscope=\"itemscope\" itemtype=\"https:\/\/schema.org\/ImageObject\" ><ul class='avia-slideshow-inner ' style='padding-bottom: 28.666666666667%;'><li  class='avia-slideshow-slide av-kntw3sdi-2297a6a4050bd4465233f8a593fffbb2__0  av-single-slide slide-1 slide-odd'><div data-rel='slideshow-1' class='avia-slide-wrap '   ><img decoding=\"async\" fetchpriority=\"high\" class=\"wp-image-1936 avia-img-lazy-loading-not-1936\"  src=\"https:\/\/i0.wp.com\/www.ecopell.de\/wp-content\/uploads\/2021\/10\/Header_Tierwohl.jpg?resize=1500%2C430&ssl=1\" width=\"1500\" height=\"430\" title='Header_Tierwohl' alt=''  itemprop=\"thumbnailUrl\" srcset=\"https:\/\/i0.wp.com\/www.ecopell.de\/wp-content\/uploads\/2021\/10\/Header_Tierwohl.jpg?w=1500&amp;ssl=1 1500w, https:\/\/i0.wp.com\/www.ecopell.de\/wp-content\/uploads\/2021\/10\/Header_Tierwohl.jpg?resize=300%2C86&amp;ssl=1 300w, https:\/\/i0.wp.com\/www.ecopell.de\/wp-content\/uploads\/2021\/10\/Header_Tierwohl.jpg?resize=1030%2C295&amp;ssl=1 1030w, https:\/\/i0.wp.com\/www.ecopell.de\/wp-content\/uploads\/2021\/10\/Header_Tierwohl.jpg?resize=768%2C220&amp;ssl=1 768w, https:\/\/i0.wp.com\/www.ecopell.de\/wp-content\/uploads\/2021\/10\/Header_Tierwohl.jpg?resize=705%2C202&amp;ssl=1 705w\" sizes=\"(max-width: 1500px) 100vw, 1500px\" \/><\/div><\/li><\/ul><div class='av-slideshow-caption av-kntw3sdi-2297a6a4050bd4465233f8a593fffbb2__0 caption_fullwidth caption_center caption_center_framed caption_framed'><div class=\"container caption_container\"><div class=\"slideshow_caption\"><div class=\"slideshow_inner_caption\"><div class=\"slideshow_align_caption\"><h2 class='avia-caption-title '  itemprop=\"name\" >TIERWOHL<\/h2><div class='avia-caption-content '  itemprop=\"description\" ><p>und Leder.<\/p>\n<\/div><\/div><\/div><\/div><\/div><\/div><\/div><\/div><div id='after_full_slider_1'  class='main_color av_default_container_wrap container_wrap fullsize'  ><div class='container av-section-cont-open' ><div class='template-page content  av-content-full alpha units'><div class='post-entry post-entry-type-page post-entry-172'><div class='entry-content-wrapper clearfix'>\n<section  class='av_textblock_section av-kntvz7lq-1f17139c7f650a3406636206f4a135ed '   itemscope=\"itemscope\" itemtype=\"https:\/\/schema.org\/CreativeWork\" ><div class='avia_textblock'  itemprop=\"text\" ><h1>Tierwohl und Leder<\/h1>\n\n<style type=\"text\/css\" data-created_by=\"avia_inline_auto\" id=\"style-css-av-oh6n-2d2cb97ae7d0410969f4efc60bb99c4b\">\n.av_font_icon.av-oh6n-2d2cb97ae7d0410969f4efc60bb99c4b .av-icon-char{\nfont-size:40px;\nline-height:40px;\n}\n<\/style>\n<span  class='av_font_icon av-oh6n-2d2cb97ae7d0410969f4efc60bb99c4b avia_animate_when_visible av-icon-style- avia-icon-pos-left avia-iconfont avia-font-entypo-fontello av-no-color avia-icon-animate'><span class='av-icon-char' data-av_icon='\ue819' data-av_iconfont='entypo-fontello' aria-hidden=\"true\" ><\/span><\/span>\n<\/div><\/section>\n\n<style type=\"text\/css\" data-created_by=\"avia_inline_auto\" id=\"style-css-av-1rz4k-810274d3a885ec3b9cc5371e554c17ca\">\n.flex_column.av-1rz4k-810274d3a885ec3b9cc5371e554c17ca{\nborder-radius:0px 0px 0px 0px;\npadding:0px 0px 0px 0px;\n}\n<\/style>\n<div  class='flex_column av-1rz4k-810274d3a885ec3b9cc5371e554c17ca av_two_third  avia-builder-el-3  el_after_av_textblock  el_before_av_one_third  first flex_column_div av-zero-column-padding  column-top-margin'     ><section  class='av_textblock_section av-kntw08x8-c4a7de28a9a00341b121d2151c238a73 '   itemscope=\"itemscope\" itemtype=\"https:\/\/schema.org\/CreativeWork\" ><div class='avia_textblock'  itemprop=\"text\" ><p class=\"p1\">K\u00f6nnten Rinder frei w\u00e4hlen, wo sie den Tag verbringen wollen, w\u00fcrden sie sich wohl mehrheitlich daf\u00fcr entscheiden, zusammen mit Artgenoss*innen auf einer saftigen Weide zu stehen mit einigen Schatten spendenden B\u00e4umen und einem klaren Bach oder Teich als Wasserquelle.<\/p>\n<p class=\"p1\">Entgegen den Bildern, die Milch- und Fleischverpackungen den Konsument*innen zeigen, haben von den ca. 11 Mio. landwirtschaftlich gehaltenen Rindern in Deutschland ca. ein Drittel diese Wahl. Die anderen leben entweder in sogenannten Laufst\u00e4llen oder in Anbindest\u00e4llen.<span class=\"Apple-converted-space\">\u00a0<\/span><\/p>\n<p class=\"p1\">Vor allem in kleinen Milchviehbetrieben in S\u00fcddeutschland findet man die Anbindehaltung. Die Tiere sind dabei an einem festen Platz angebunden und k\u00f6nnen nicht frei im Stall herumlaufen. Im Jahr 2010 mussten etwa 650.000 Tiere in einer solchen Haltungsform leben (etwa 15 % der K\u00fche, in Bayern sogar 30 % der K\u00fche). Die (ganzj\u00e4hrige) Anbindehaltung ist aus Tierschutzsicht sehr umstritten. Die d\u00e4nische Regierung hat deshalb im Jahr 2020 ein generelles Verbot dieser Haltungsform f\u00fcr Milchk\u00fche ab dem Jahr 2027 verabschiedet. In Deutschland wurde eine \u00dcbergangsfrist bis 2028 beschlossen. Seit 2002 sind Anbindest\u00e4lle in der EU nicht mehr aus EU-Mitteln f\u00f6rderf\u00e4hig. Insgesamt nimmt ihre Zahl stetig ab.<span class=\"Apple-converted-space\">\u00a0<\/span><\/p>\n<h3 class=\"p1\">Haltungsform und Lederqualit\u00e4t<\/h3>\n<p class=\"p1\">Die Haltungsform in der Rinderhaltung, sowohl bei Milchk\u00fchen als auch bei Rindern f\u00fcr die Fleischerzeugung, hat Einfluss auf das ganze Tier. Die Ern\u00e4hrung, die Bewegungsm\u00f6glichkeiten, die Pflege und die Gestaltung des Tierumfeldes wirken auf die Tiergesundheit, auf die Qualit\u00e4t und Zusammensetzung der Milch, auf die Fleischqualit\u00e4t und \u2013 last but not least \u2013 auf die Beschaffenheit der Tierhaut.<\/p>\n<p class=\"p1\">Dabei ist je nachdem, welche Kriterien zur Beurteilung man heranzieht, die Hautqualit\u00e4t von Tieren aus unterschiedlichen Haltungsformen als mehr oder wenige gut zu beurteilen.<\/p>\n<p class=\"p1\">Die M\u00f6glichkeit zum Weidegang mit ausgewogenem, tierartgerechten Frischfutter und Bewegung f\u00fchrt zu einer besseren inneren Hautstruktur als eine bewegungsarme Haltung mit wenig Frischfutteranteil.<span class=\"Apple-converted-space\">\u00a0<\/span><\/p>\n<p class=\"p1\">Was die Beschaffenheit der Hautoberfl\u00e4che betrifft, zeigt sich ein etwas komplizierteres Bild.<\/p>\n<p class=\"p1\">Jede Haltungsform weist hier Vor- und Nachteile auf. Oder anders gesagt: bei jeder Haltungsform zeigen sich verschiedene Merkmale in unterschiedlicher H\u00e4ufigkeit.<\/p>\n<p class=\"p1\">Die Scheuerspuren der Anbindevorrichtungen sind zum Beispiel oft noch auf der Lederoberfl\u00e4che im Hals- und Nackenbereich zu erkennen.<span class=\"Apple-converted-space\">\u00a0<\/span><\/p>\n<p class=\"p1\">Auch die Spuren von Hautsch\u00e4dlingen (L\u00e4use, Milben, Haarlinge) sind h\u00e4ufig bei Tieren aus Anbindehaltung zu sehen, weil die Tiere durch die Anbindung in ihrer K\u00f6rperpflege eingeschr\u00e4nkt sind.<\/p>\n<p class=\"p1\">Solche Hautparasiten treten jedoch auch bei K\u00fchen und Rindern in Laufst\u00e4llen auf, wenn die St\u00e4lle zu dunkel oder schlecht bel\u00fcftet sind.<span class=\"Apple-converted-space\">\u00a0<\/span><\/p>\n<p class=\"p1\">Rinder mit Bewegungsfreiheit, sei es im Laufstall oder drau\u00dfen, verletzen sich bei Rangk\u00e4mpfen gegenseitig. Vor allem in Formen der \u00f6kologischen Tierhaltung, die die H\u00f6rner der Rinder nicht entfernen, k\u00f6nnen die Bl\u00e4ssuren durch Hornsto\u00df entstehen. Im Leder sind deren Spuren sichtbar.<\/p>\n<p class=\"p1\">Auf der Weide lauern weitere Verletzungsgefahren, die mal kleine und mal gr\u00f6\u00dfere Spuren auf der Haut hinterlassen: Dornenstr\u00e4ucher, Stacheldraht, rauhe Zaunpf\u00e4hle oder Baumrinden. Auch Bremsen und andere stechende Insekten plagen Rinder beim Weidegang. Werden die juckenden Stellen aufgekratzt, bleiben kleine Narben in der Haut<span class=\"Apple-converted-space\">\u00a0 <\/span>zur\u00fcck.<\/p>\n<p class=\"p1\">Schlie\u00dflich spielt auch die Behandlung durch den Landwirt \/ die Landwirtin eine Rolle.<span class=\"Apple-converted-space\">\u00a0 <\/span>Ein Wellnessprogramm f\u00fcr K\u00fche sind automatische Kuhb\u00fcrsten. Sie dienen einerseits der Fellpflege, k\u00f6nnen aber auch Hautsch\u00e4dlinge \u00fcbertragen, wenn andere Herdentiere von solchen befallen sind und dies nicht fr\u00fch genug erkannt wird.<\/p>\n<p class=\"p1\">Zu kr\u00e4ftiges Striegeln des Fells, eigentlich ebenfalls eine gut gemeinte Pflegema\u00dfnahme, kann zu Verletzungen f\u00fchren.<span class=\"Apple-converted-space\">\u00a0<\/span><\/p>\n<p class=\"p1\">Weniger gut gemeint sind Misshandlungen von K\u00fchen mit Mistgabeln und Treiberst\u00e4ben. Beides ist aus tierschutzrechtlich nicht erlaubt, kommt aber leider immer wieder vor. Wird ein Tier beim Verladen zum Transport in den Schlachthof verletzt, kann die Haut nicht mehr heilen. Im Leder erscheint sp\u00e4ter ein Loch. Kann die Haut noch heilen, bleibt eine Narbe, die im Leder sichtbar ist. Ebenso wie Operationsnarben nach tier\u00e4rztlichen Eingriffen.<\/p>\n<h3 class=\"p1\">Rinderh\u00e4ute sind so vielf\u00e4ltig wie Rinderleben<span class=\"Apple-converted-space\">\u00a0<\/span><\/h3>\n<p class=\"p1\">Diese oberfl\u00e4chlichen, sichtbaren Merkmale auf der Rinderhaut, beeintr\u00e4chtigen die Lederqualit\u00e4t in Bezug auf ihre Robustheit und Langlebigkeit nicht. Wichtiger f\u00fcr eine gute innere Lederqualit\u00e4t ist eine gute Tiergesundheit und eine m\u00f6glichst artgerechte Haltung und gute Behandlung.<\/p>\n<p class=\"p1\">Die Kriterien der \u00f6kologischen Tierhaltung bieten hierf\u00fcr die besten Rahmenbedingungen.<\/p>\n<p class=\"p1\">Alle Rinderh\u00e4ute, die zu ecopell-Leder verarbeitet werden, stammen von landwirtschaftlichen Betrieben in Deutschland. Hierzulande werden nur etwa 6 % der Rinder \u00f6kologisch gehalten. Entsprechend gering ist das Angebot an Bio-Rinderh\u00e4uten auf den H\u00e4utemarkt. Dieser Anteil kann nur vergr\u00f6\u00dfert werden, wenn der Konsum von \u00f6kologisch erzeugtem Fleisch gegen\u00fcber dem aus konventioneller Tierhaltung zunimmt.<\/p>\n<p class=\"p1\">Etwa die H\u00e4lfte der ecopell-Leder stammt von H\u00e4uten aus b\u00e4uerlicher Landwirtschaft und von kleineren Schlachtereien. Ein kleinteiliges H\u00e4uteaufkommen f\u00fchrt zu einem h\u00f6heren Aufwand beim Einsammeln und Konservieren der H\u00e4ute bis zur Anlieferung in der Gerberei.<span class=\"Apple-converted-space\">\u00a0<\/span><\/p>\n<p class=\"p1\">Gro\u00dfe Chargen von H\u00e4uten, die aus Gro\u00dfschlachth\u00f6fen stammen, k\u00f6nnen schneller verarbeitet werden, weil die Mindestmenge f\u00fcr eine Gerbfassf\u00fcllung (200 \u2013 250 H\u00e4ute) leichter erreicht wird. Die Nachteile z.B. bei den Arbeitsbedingungen in Gro\u00dfschlachth\u00f6fen sind immer wieder kritisiert worden.<\/p>\n<p class=\"p1\">Um gutes Leder von gl\u00fccklichen K\u00fchen und Rindern herzustellen, ist ein grunds\u00e4tzlicher Wandel in der Landwirtschaft hin zu mehr \u00f6kologischer Wirtschaftsweise n\u00f6tig. Dazu kann jede*r Einzelne etwas beitragen.<span class=\"Apple-converted-space\">\u00a0<\/span><\/p>\n<p class=\"p1\">Und die gesetzlichen Standards f\u00fcr die Landwirtschaft m\u00fcssen endlich konsequent in diese Richtung angehoben werden.<\/p>\n<\/div><\/section><\/div>\n\n<style type=\"text\/css\" data-created_by=\"avia_inline_auto\" id=\"style-css-av-oy9k-ade739eb8170bb06b3c73d3719796c60\">\n.flex_column.av-oy9k-ade739eb8170bb06b3c73d3719796c60{\nborder-radius:0px 0px 0px 0px;\npadding:0px 0px 0px 0px;\n}\n<\/style>\n<div  class='flex_column av-oy9k-ade739eb8170bb06b3c73d3719796c60 av_one_third  avia-builder-el-5  el_after_av_two_third  avia-builder-el-last  flex_column_div av-zero-column-padding  column-top-margin'     ><p>\n<style type=\"text\/css\" data-created_by=\"avia_inline_auto\" id=\"style-css-av-knzsljlf-50672225df5b1aad76894eccaa36a43d\">\n.avia-image-container.av-knzsljlf-50672225df5b1aad76894eccaa36a43d img.avia_image{\nbox-shadow:none;\n}\n.avia-image-container.av-knzsljlf-50672225df5b1aad76894eccaa36a43d .av-image-caption-overlay-center{\ncolor:#ffffff;\n}\n<\/style>\n<div  class='avia-image-container av-knzsljlf-50672225df5b1aad76894eccaa36a43d av-styling- avia-align-center  avia-builder-el-6  el_before_av_image  avia-builder-el-first '   itemprop=\"image\" itemscope=\"itemscope\" itemtype=\"https:\/\/schema.org\/ImageObject\" ><div class=\"avia-image-container-inner\"><div class=\"avia-image-overlay-wrap\"><img decoding=\"async\" fetchpriority=\"high\" class='wp-image-555 avia-img-lazy-loading-not-555 avia_image ' src=\"https:\/\/i0.wp.com\/www.ecopell.de\/wp-content\/uploads\/2021\/05\/Bild_Tierwohl.jpg?fit=300%2C300&ssl=1\" alt='' title='Bild_Tierwohl'  height=\"300\" width=\"300\"  itemprop=\"thumbnailUrl\" srcset=\"https:\/\/i0.wp.com\/www.ecopell.de\/wp-content\/uploads\/2021\/05\/Bild_Tierwohl.jpg?w=300&amp;ssl=1 300w, https:\/\/i0.wp.com\/www.ecopell.de\/wp-content\/uploads\/2021\/05\/Bild_Tierwohl.jpg?resize=80%2C80&amp;ssl=1 80w, https:\/\/i0.wp.com\/www.ecopell.de\/wp-content\/uploads\/2021\/05\/Bild_Tierwohl.jpg?resize=36%2C36&amp;ssl=1 36w, https:\/\/i0.wp.com\/www.ecopell.de\/wp-content\/uploads\/2021\/05\/Bild_Tierwohl.jpg?resize=180%2C180&amp;ssl=1 180w\" sizes=\"(max-width: 300px) 100vw, 300px\" \/><\/div><\/div><\/div><br \/>\n\n<style type=\"text\/css\" data-created_by=\"avia_inline_auto\" id=\"style-css-av-knzsljlf-0d2f5c99abdf4d59f5f94e68fe0050c9\">\n.avia-image-container.av-knzsljlf-0d2f5c99abdf4d59f5f94e68fe0050c9 img.avia_image{\nbox-shadow:none;\n}\n.avia-image-container.av-knzsljlf-0d2f5c99abdf4d59f5f94e68fe0050c9 .av-image-caption-overlay-center{\ncolor:#ffffff;\n}\n<\/style>\n<div  class='avia-image-container av-knzsljlf-0d2f5c99abdf4d59f5f94e68fe0050c9 av-styling- avia-align-center  avia-builder-el-7  el_after_av_image  el_before_av_image '   itemprop=\"image\" itemscope=\"itemscope\" itemtype=\"https:\/\/schema.org\/ImageObject\" ><div class=\"avia-image-container-inner\"><div class=\"avia-image-overlay-wrap\"><img decoding=\"async\" fetchpriority=\"high\" class='wp-image-559 avia-img-lazy-loading-not-559 avia_image ' src=\"https:\/\/i0.wp.com\/www.ecopell.de\/wp-content\/uploads\/2021\/05\/Lederbeispiel_01.jpg?fit=300%2C300&ssl=1\" alt='' title='Lederbeispiel_01'  height=\"300\" width=\"300\"  itemprop=\"thumbnailUrl\" srcset=\"https:\/\/i0.wp.com\/www.ecopell.de\/wp-content\/uploads\/2021\/05\/Lederbeispiel_01.jpg?w=300&amp;ssl=1 300w, https:\/\/i0.wp.com\/www.ecopell.de\/wp-content\/uploads\/2021\/05\/Lederbeispiel_01.jpg?resize=80%2C80&amp;ssl=1 80w, https:\/\/i0.wp.com\/www.ecopell.de\/wp-content\/uploads\/2021\/05\/Lederbeispiel_01.jpg?resize=36%2C36&amp;ssl=1 36w, https:\/\/i0.wp.com\/www.ecopell.de\/wp-content\/uploads\/2021\/05\/Lederbeispiel_01.jpg?resize=180%2C180&amp;ssl=1 180w\" sizes=\"(max-width: 300px) 100vw, 300px\" \/><\/div><\/div><\/div><br \/>\n\n<style type=\"text\/css\" data-created_by=\"avia_inline_auto\" id=\"style-css-av-knzsljlf-44dc334c7da034a2d3713e5810de02d8\">\n.avia-image-container.av-knzsljlf-44dc334c7da034a2d3713e5810de02d8 img.avia_image{\nbox-shadow:none;\n}\n.avia-image-container.av-knzsljlf-44dc334c7da034a2d3713e5810de02d8 .av-image-caption-overlay-center{\ncolor:#ffffff;\n}\n<\/style>\n<div  class='avia-image-container av-knzsljlf-44dc334c7da034a2d3713e5810de02d8 av-styling- avia-align-center  avia-builder-el-8  el_after_av_image  avia-builder-el-last '   itemprop=\"image\" itemscope=\"itemscope\" itemtype=\"https:\/\/schema.org\/ImageObject\" ><div class=\"avia-image-container-inner\"><div class=\"avia-image-overlay-wrap\"><img decoding=\"async\" fetchpriority=\"high\" class='wp-image-561 avia-img-lazy-loading-not-561 avia_image ' src=\"https:\/\/i0.wp.com\/www.ecopell.de\/wp-content\/uploads\/2021\/05\/Lederbeispiel_02.jpg?fit=300%2C300&ssl=1\" alt='' title='Lederbeispiel_02'  height=\"300\" width=\"300\"  itemprop=\"thumbnailUrl\" srcset=\"https:\/\/i0.wp.com\/www.ecopell.de\/wp-content\/uploads\/2021\/05\/Lederbeispiel_02.jpg?w=300&amp;ssl=1 300w, https:\/\/i0.wp.com\/www.ecopell.de\/wp-content\/uploads\/2021\/05\/Lederbeispiel_02.jpg?resize=80%2C80&amp;ssl=1 80w, https:\/\/i0.wp.com\/www.ecopell.de\/wp-content\/uploads\/2021\/05\/Lederbeispiel_02.jpg?resize=36%2C36&amp;ssl=1 36w, https:\/\/i0.wp.com\/www.ecopell.de\/wp-content\/uploads\/2021\/05\/Lederbeispiel_02.jpg?resize=180%2C180&amp;ssl=1 180w\" sizes=\"(max-width: 300px) 100vw, 300px\" \/><\/div><\/div><\/div><\/p><\/div>\n","protected":false},"excerpt":{"rendered":"","protected":false},"author":1,"featured_media":0,"parent":0,"menu_order":0,"comment_status":"closed","ping_status":"closed","template":"","meta":{"footnotes":""},"class_list":["post-172","page","type-page","status-publish","hentry"],"jetpack_sharing_enabled":true,"_links":{"self":[{"href":"https:\/\/www.ecopell.de\/index.php?rest_route=\/wp\/v2\/pages\/172","targetHints":{"allow":["GET"]}}],"collection":[{"href":"https:\/\/www.ecopell.de\/index.php?rest_route=\/wp\/v2\/pages"}],"about":[{"href":"https:\/\/www.ecopell.de\/index.php?rest_route=\/wp\/v2\/types\/page"}],"author":[{"embeddable":true,"href":"https:\/\/www.ecopell.de\/index.php?rest_route=\/wp\/v2\/users\/1"}],"replies":[{"embeddable":true,"href":"https:\/\/www.ecopell.de\/index.php?rest_route=%2Fwp%2Fv2%2Fcomments&post=172"}],"version-history":[{"count":6,"href":"https:\/\/www.ecopell.de\/index.php?rest_route=\/wp\/v2\/pages\/172\/revisions"}],"predecessor-version":[{"id":1939,"href":"https:\/\/www.ecopell.de\/index.php?rest_route=\/wp\/v2\/pages\/172\/revisions\/1939"}],"wp:attachment":[{"href":"https:\/\/www.ecopell.de\/index.php?rest_route=%2Fwp%2Fv2%2Fmedia&parent=172"}],"curies":[{"name":"wp","href":"https:\/\/api.w.org\/{rel}","templated":true}]}}