{"id":162,"date":"2021-04-26T18:35:54","date_gmt":"2021-04-26T18:35:54","guid":{"rendered":"https:\/\/new.ecopell.de\/?page_id=162"},"modified":"2026-03-23T10:57:58","modified_gmt":"2026-03-23T09:57:58","slug":"zertifizierung","status":"publish","type":"page","link":"https:\/\/www.ecopell.de\/?page_id=162","title":{"rendered":"ZERTIFIZIERUNG"},"content":{"rendered":"<div id='full_slider_1'  class='avia-fullwidth-slider main_color avia-shadow   avia-builder-el-0  el_before_av_one_full  avia-builder-el-first   container_wrap fullsize'  >\n<style type=\"text\/css\" data-created_by=\"avia_inline_auto\" id=\"style-css-av-kntw3sdi-d4667e5beb4d4ceeb86c213e20c6e80f\">\n#top #wrap_all .avia-slideshow .av-slideshow-caption.av-kntw3sdi-d4667e5beb4d4ceeb86c213e20c6e80f__0 .avia-caption-title{\nfont-size:50px;\n}\n#top .avia-slideshow .av-slideshow-caption.av-kntw3sdi-d4667e5beb4d4ceeb86c213e20c6e80f__0 .avia-caption-content{\nfont-size:30px;\n}\n#top .avia-slideshow .av-slideshow-caption.av-kntw3sdi-d4667e5beb4d4ceeb86c213e20c6e80f__0 .avia-caption-content p{\nfont-size:30px;\n}\n<\/style>\n<div  class='avia-slideshow av-kntw3sdi-d4667e5beb4d4ceeb86c213e20c6e80f avia-slideshow-featured av_slideshow_full avia-slide-slider av-slideshow-ui av-control-hidden av-no-slider-navigation av-hide-nav-arrows av-slideshow-autoplay av-loop-endless av-loop-manual-endless av-default-height-applied   avia-slideshow-1' data-slideshow-options=\"{&quot;animation&quot;:&quot;slide&quot;,&quot;autoplay&quot;:true,&quot;loop_autoplay&quot;:&quot;endless&quot;,&quot;interval&quot;:5,&quot;loop_manual&quot;:&quot;manual-endless&quot;,&quot;autoplay_stopper&quot;:false,&quot;noNavigation&quot;:true,&quot;bg_slider&quot;:false,&quot;keep_padding&quot;:false,&quot;hoverpause&quot;:false,&quot;show_slide_delay&quot;:0}\"  itemprop=\"image\" itemscope=\"itemscope\" itemtype=\"https:\/\/schema.org\/ImageObject\" ><ul class='avia-slideshow-inner ' style='padding-bottom: 28.666666666667%;'><li  class='avia-slideshow-slide av-kntw3sdi-d4667e5beb4d4ceeb86c213e20c6e80f__0  av-single-slide slide-1 slide-odd'><div data-rel='slideshow-1' class='avia-slide-wrap '   ><img decoding=\"async\" fetchpriority=\"high\" class=\"wp-image-429 avia-img-lazy-loading-not-429\"  src=\"https:\/\/i0.wp.com\/www.ecopell.de\/wp-content\/uploads\/2021\/05\/Header_Zertifizierungen.jpg?resize=1500%2C430&ssl=1\" width=\"1500\" height=\"430\" title='Header_Zertifizierungen' alt=''  itemprop=\"thumbnailUrl\" srcset=\"https:\/\/i0.wp.com\/www.ecopell.de\/wp-content\/uploads\/2021\/05\/Header_Zertifizierungen.jpg?w=1500&amp;ssl=1 1500w, https:\/\/i0.wp.com\/www.ecopell.de\/wp-content\/uploads\/2021\/05\/Header_Zertifizierungen.jpg?resize=300%2C86&amp;ssl=1 300w, https:\/\/i0.wp.com\/www.ecopell.de\/wp-content\/uploads\/2021\/05\/Header_Zertifizierungen.jpg?resize=1030%2C295&amp;ssl=1 1030w, https:\/\/i0.wp.com\/www.ecopell.de\/wp-content\/uploads\/2021\/05\/Header_Zertifizierungen.jpg?resize=768%2C220&amp;ssl=1 768w, https:\/\/i0.wp.com\/www.ecopell.de\/wp-content\/uploads\/2021\/05\/Header_Zertifizierungen.jpg?resize=705%2C202&amp;ssl=1 705w\" sizes=\"(max-width: 1500px) 100vw, 1500px\" \/><\/div><\/li><\/ul><div class='av-slideshow-caption av-kntw3sdi-d4667e5beb4d4ceeb86c213e20c6e80f__0 caption_fullwidth caption_center caption_center_framed caption_framed'><div class=\"container caption_container\"><div class=\"slideshow_caption\"><div class=\"slideshow_inner_caption\"><div class=\"slideshow_align_caption\"><h2 class='avia-caption-title '  itemprop=\"name\" >ZERTIFIZIERUNGEN<\/h2><div class='avia-caption-content '  itemprop=\"description\" ><p>IVN, BIOKREIS e.V.<\/p>\n<\/div><\/div><\/div><\/div><\/div><\/div><\/div><\/div><div id='after_full_slider_1'  class='main_color av_default_container_wrap container_wrap fullsize'  ><div class='container av-section-cont-open' ><div class='template-page content  av-content-full alpha units'><div class='post-entry post-entry-type-page post-entry-162'><div class='entry-content-wrapper clearfix'>\n\n<style type=\"text\/css\" data-created_by=\"avia_inline_auto\" id=\"style-css-av-148cc-815ac8ff5a3fda97c273f99a3796b8f4\">\n.flex_column.av-148cc-815ac8ff5a3fda97c273f99a3796b8f4{\nborder-radius:0px 0px 0px 0px;\npadding:0px 0px 0px 0px;\n}\n<\/style>\n<div  class='flex_column av-148cc-815ac8ff5a3fda97c273f99a3796b8f4 av_one_full  avia-builder-el-1  el_after_av_slideshow_full  el_before_av_hr  avia-builder-el-first  first flex_column_div av-zero-column-padding  '     ><section  class='av_textblock_section av-kntvz7lq-1f17139c7f650a3406636206f4a135ed '   itemscope=\"itemscope\" itemtype=\"https:\/\/schema.org\/CreativeWork\" ><div class='avia_textblock'  itemprop=\"text\" ><h1>Zertifizierung<\/h1>\n\n<style type=\"text\/css\" data-created_by=\"avia_inline_auto\" id=\"style-css-av-oh6n-2d2cb97ae7d0410969f4efc60bb99c4b\">\n.av_font_icon.av-oh6n-2d2cb97ae7d0410969f4efc60bb99c4b .av-icon-char{\nfont-size:40px;\nline-height:40px;\n}\n<\/style>\n<span  class='av_font_icon av-oh6n-2d2cb97ae7d0410969f4efc60bb99c4b avia_animate_when_visible av-icon-style- avia-icon-pos-left avia-iconfont avia-font-entypo-fontello av-no-color avia-icon-animate'><span class='av-icon-char' data-av_icon='\ue819' data-av_iconfont='entypo-fontello' aria-hidden=\"true\" ><\/span><\/span>\n<\/div><\/section><br \/>\n<section  class='av_textblock_section av-kntw08x8-d915225a046081cbb3d9f19ea65536f5 '   itemscope=\"itemscope\" itemtype=\"https:\/\/schema.org\/CreativeWork\" ><div class='avia_textblock'  itemprop=\"text\" ><p>Naturleder ist nicht nur ein in vielen Bereichen eingesetztes Material. Es unterscheidet sich teils auch stark in Herstellungsprozess und Qualit\u00e4t. Deshalb sind wir stolz, dass wir Ihnen mit unserem Ecopell-Leder das umwelt- und gesundheitsvertr\u00e4glichste Leder aus industrieller Herstellung anbieten d\u00fcrfen. Unsere Produkte wurden von mehreren, unabh\u00e4ngigen Pr\u00fcfinstituten getestet. Regelm\u00e4\u00dfig, das hei\u00dft j\u00e4hrlich (IVN und Biokreis) schicken wir unsere Leder zur Pr\u00fcfung ins Labor. Das Ergebnis war \u00fcberw\u00e4ltigend: Die hervorragende Qualit\u00e4t wurde mit allen wichtigen Zertifikaten und G\u00fctesiegeln best\u00e4tigt.<\/p>\n<\/div><\/section><\/p><\/div>\n<div  class='hr av-l8nwi-1b3bd81765ca29713d5fe61030e8b412 hr-default  avia-builder-el-5  el_after_av_one_full  el_before_av_one_third '><span class='hr-inner '><span class=\"hr-inner-style\"><\/span><\/span><\/div>\n\n<style type=\"text\/css\" data-created_by=\"avia_inline_auto\" id=\"style-css-av-3yl0b-74d0483ee89f66b36404ad7153efa448\">\n.flex_column.av-3yl0b-74d0483ee89f66b36404ad7153efa448{\nborder-radius:0px 0px 0px 0px;\npadding:0px 0px 0px 0px;\n}\n<\/style>\n<div  class='flex_column av-3yl0b-74d0483ee89f66b36404ad7153efa448 av_one_third  avia-builder-el-6  el_after_av_hr  el_before_av_two_third  first flex_column_div av-zero-column-padding  '     ><style type=\"text\/css\" data-created_by=\"avia_inline_auto\" id=\"style-css-av-knzsljlf-10e3f327f7df80281e11b0dfe3ceb941\">\n.avia-image-container.av-knzsljlf-10e3f327f7df80281e11b0dfe3ceb941 img.avia_image{\nbox-shadow:none;\n}\n.avia-image-container.av-knzsljlf-10e3f327f7df80281e11b0dfe3ceb941 .av-image-caption-overlay-center{\ncolor:#ffffff;\n}\n<\/style>\n<div  class='avia-image-container av-knzsljlf-10e3f327f7df80281e11b0dfe3ceb941 av-styling- avia-align-center  avia-builder-el-7  avia-builder-el-no-sibling '   itemprop=\"image\" itemscope=\"itemscope\" itemtype=\"https:\/\/schema.org\/ImageObject\" ><div class=\"avia-image-container-inner\"><div class=\"avia-image-overlay-wrap\"><img decoding=\"async\" fetchpriority=\"high\" class='wp-image-1365 avia-img-lazy-loading-not-1365 avia_image ' src=\"https:\/\/i0.wp.com\/www.ecopell.de\/wp-content\/uploads\/2021\/07\/ivn-imo.jpg?fit=200%2C161&ssl=1\" alt='' title='ivn-imo'  height=\"161\" width=\"200\"  itemprop=\"thumbnailUrl\"  \/><\/div><\/div><\/div><\/div>\n\n<style type=\"text\/css\" data-created_by=\"avia_inline_auto\" id=\"style-css-av-ce1r-f8c85088226855650970685a706d7ddc\">\n.flex_column.av-ce1r-f8c85088226855650970685a706d7ddc{\nborder-radius:0px 0px 0px 0px;\npadding:0px 0px 0px 0px;\n}\n<\/style>\n<div  class='flex_column av-ce1r-f8c85088226855650970685a706d7ddc av_two_third  avia-builder-el-8  el_after_av_one_third  el_before_av_hr  flex_column_div av-zero-column-padding  '     ><section  class='av_textblock_section av-kob44f3g-fcad9fcffeec60ad89c89465379b04cc '   itemscope=\"itemscope\" itemtype=\"https:\/\/schema.org\/CreativeWork\" ><div class='avia_textblock'  itemprop=\"text\" ><h3 class=\"p1\"><span class=\"s1\">IVN<\/span><\/h3>\n<p class=\"p1\"><span class=\"s1\">Alle 41 Lederfarben der Kollektionen Nappa und Velour, sowie alle Futterleder von Ecopell wurden durch den Internationalen Verband der Naturtextilwirtschaft e.V. zertifiziert. Die strengen Richtlinien des IVN bewerten einmal pro Jahr nicht nur das Produkt, sondern s\u00e4mtliche damit verbundenen Herstellungsschritte \u2013 von der Tierhaltung bis zur Gerbung sowie die eigene Abwasservorentsorgung. Besonderer Dank gilt der Lohngerberei in Bayern, die uns f\u00fcr dieses Vorhaben bestm\u00f6glich unterst\u00fctzt hat. Detaillierte Angaben \u00fcber die Kriterien dieses einzigen Standards f\u00fcr Naturleder in Europa finden Sie auf der Internetseite des IVN, sowie unter den offiziell zul\u00e4ssige Schadstoff-Obergrenzen, welche an die IVN-Richtlinien angelehnt sind.<\/span><\/p>\n<p class=\"p1\"><span class=\"s1\">Wir freuen uns, wieder einmal von offizieller Seite in unseren Bem\u00fchungen um ein sehr umweltvertr\u00e4gliches Naturleder best\u00e4tigt zu werden. \u201eDie Richtlinien des IVN besagen, dass ausvschlie\u00dflich diejenigen das Siegel f\u00fcr die Au\u00dfendarstellung nutzen d\u00fcrfen, die selbst zertifiziert sind, in diesem Fall also nur die Ecopell GmbH. Ein textlicher Hinweis auf die Verarbeitung von IVN-zertifiziertem Ecopell-Leder, ist selbstverst\u00e4ndlich auch weiterhin m\u00f6glich. Nur die Abbildung des IVN-Siegels muss unterbleiben.\u201c<\/span><\/p>\n<blockquote>\n<p class=\"p1\"><span class=\"s1\">\u201eDie Richtlinien der IVN-Stiftung besagen, dass ausschlie\u00dflich diejenigen das Siegel f\u00fcr die Au\u00dfendarstellung nutzen d\u00fcrfen, die selbst zertifiziert sind, in diesem Fall also nur die Ecopell GmbH. Unsere Kundinnen k\u00f6nnen entweder f\u00fcr ihre Produkte ebenfalls ein IVN-Siegel anstreben. Da au\u00dfer Ecopell-Leder hierin noch andere Zutaten (wie z.B. Garn, Kleber oder andere Stoffe) verarbeitet sind, muss f\u00fcr diese weiteren Bestandteile auch die Unbedenklichkeit hinsichtlich von Allergien nachgewiesen werden. Sobald das Siegel vergeben ist, k\u00f6nnen Sie dies in ihrer Werbung einsetzen. Anderenfalls ist ein textlicher Hinweis auf die Verarbeitung von Ecopell-Leder, das als allergiefreundlich gesiegelt ist, selbstverst\u00e4ndlich auch weiterhin m\u00f6glich. Nur die Abbildung des IVN-Siegels muss unterbleiben.\u201c<\/span><\/p>\n<\/blockquote>\n<p class=\"p1\"><span class=\"s1\">Weitere Informationen zu IVN finden Sie in den <a href=\"https:\/\/www.ecopell.de\/wp-content\/uploads\/2021\/05\/ivn-rili-naturleder_4_0_version_mai_2018.pdf\" target=\"_blank\" rel=\"noopener\">Richtlinien zur IVN Zertifizierung<\/a> als PDF.<\/span><\/p>\n<p><a href=\"https:\/\/www.ecopell.de\/wp-content\/uploads\/2026\/03\/IVN-Zertifikat-2025-verlaengert.pdf\" target=\"_blank\" rel=\"noopener\">&gt;&gt; Hier finden Sie unser IVN Zertifikat.<\/a><\/p>\n<\/div><\/section><\/div><div  class='hr av-e2dai-ac3375ae59413f39f7dc7dfbe480af40 hr-default  avia-builder-el-10  el_after_av_two_third  el_before_av_one_third '><span class='hr-inner '><span class=\"hr-inner-style\"><\/span><\/span><\/div><\/p>\n\n<style type=\"text\/css\" data-created_by=\"avia_inline_auto\" id=\"style-css-av-2v7hr-daa2d352031af44d1d4f0b92a361f9ca\">\n.flex_column.av-2v7hr-daa2d352031af44d1d4f0b92a361f9ca{\nborder-radius:0px 0px 0px 0px;\npadding:0px 0px 0px 0px;\n}\n<\/style>\n<div  class='flex_column av-2v7hr-daa2d352031af44d1d4f0b92a361f9ca av_one_third  avia-builder-el-11  el_after_av_hr  el_before_av_two_third  first flex_column_div av-zero-column-padding  '     ><style type=\"text\/css\" data-created_by=\"avia_inline_auto\" id=\"style-css-av-knzsljlf-2-9a1dbb49d3122475ef71317a23f0a1a0\">\n.avia-image-container.av-knzsljlf-2-9a1dbb49d3122475ef71317a23f0a1a0 img.avia_image{\nbox-shadow:none;\n}\n.avia-image-container.av-knzsljlf-2-9a1dbb49d3122475ef71317a23f0a1a0 .av-image-caption-overlay-center{\ncolor:#ffffff;\n}\n<\/style>\n<div  class='avia-image-container av-knzsljlf-2-9a1dbb49d3122475ef71317a23f0a1a0 av-styling- avia-align-center  avia-builder-el-12  avia-builder-el-no-sibling '   itemprop=\"image\" itemscope=\"itemscope\" itemtype=\"https:\/\/schema.org\/ImageObject\" ><div class=\"avia-image-container-inner\"><div class=\"avia-image-overlay-wrap\"><img decoding=\"async\" fetchpriority=\"high\" class='wp-image-336 avia-img-lazy-loading-not-336 avia_image ' src=\"https:\/\/i0.wp.com\/www.ecopell.de\/wp-content\/uploads\/2021\/05\/biokreis-01.png?fit=300%2C300&ssl=1\" alt='' title='biokreis-01'  height=\"300\" width=\"300\"  itemprop=\"thumbnailUrl\" srcset=\"https:\/\/i0.wp.com\/www.ecopell.de\/wp-content\/uploads\/2021\/05\/biokreis-01.png?w=365&amp;ssl=1 365w, https:\/\/i0.wp.com\/www.ecopell.de\/wp-content\/uploads\/2021\/05\/biokreis-01.png?resize=300%2C300&amp;ssl=1 300w, https:\/\/i0.wp.com\/www.ecopell.de\/wp-content\/uploads\/2021\/05\/biokreis-01.png?resize=80%2C80&amp;ssl=1 80w, https:\/\/i0.wp.com\/www.ecopell.de\/wp-content\/uploads\/2021\/05\/biokreis-01.png?resize=36%2C36&amp;ssl=1 36w, https:\/\/i0.wp.com\/www.ecopell.de\/wp-content\/uploads\/2021\/05\/biokreis-01.png?resize=180%2C180&amp;ssl=1 180w\" sizes=\"(max-width: 300px) 100vw, 300px\" \/><\/div><\/div><\/div><\/div>\n\n<style type=\"text\/css\" data-created_by=\"avia_inline_auto\" id=\"style-css-av-2112n-ba9af1e9db73d38f773f2e7c65e1dc17\">\n.flex_column.av-2112n-ba9af1e9db73d38f773f2e7c65e1dc17{\nborder-radius:0px 0px 0px 0px;\npadding:0px 0px 0px 0px;\n}\n<\/style>\n<div  class='flex_column av-2112n-ba9af1e9db73d38f773f2e7c65e1dc17 av_two_third  avia-builder-el-13  el_after_av_one_third  el_before_av_hr  flex_column_div av-zero-column-padding  '     ><section  class='av_textblock_section av-kob4704p-0cb0a6cd3712487196d0fa97cc4f0a05 '   itemscope=\"itemscope\" itemtype=\"https:\/\/schema.org\/CreativeWork\" ><div class='avia_textblock'  itemprop=\"text\" ><h3 class=\"Unter-berschrift\">BIOKREIS E.V.<\/h3>\n<p class=\"p1\"><span class=\"s1\">Auch vom Biokreis, dem Verband f\u00fcr \u00f6kologischen Landbau, werden die Ecopell-Leder in jeden Jahr neu zertifiziert und wir engagieren uns als Verbandsmitglied zusammen mit weiteren 120 landwirtschaftliche Betrieben, 150 Verarbeitern und 200 Verbraucherinnen und Verbrauchern f\u00fcr die konstante Weiterentwicklung \u00f6kologischer und nachhaltiger Wirtschaftsweisen. * Bioh\u00e4ute stehen uns derzeit nur bedingt zur Verf\u00fcgung, da die gew\u00fcnschten Mengen die wir st\u00e4ndig ben\u00f6tigen nur teilweise mit Bioh\u00e4ute erweitert werden k\u00f6nnen. Derzeit werden ca. 20 Farbt\u00f6ne aus Biotierhaltung am Lager verf\u00fcgbar sein. Falls Sie Ecopell aus Bioh\u00e4uten w\u00fcnschen, so bitten wir um eine Anfrage, damit wir Ihnen mitteilen k\u00f6nnen welche Farbt\u00f6ne\/Sortimente aus Biohauthaltung derzeit verf\u00fcgbar sind. Lesen Sie bitte hierzu auch die Antwort auf Frage 15 der \u201cFragen an uns\u201d. Weitere Informationen \u00fcber die Bedeutung dieser Zertifizierung entnehmen Sie bitte den offiziell zul\u00e4ssige Schadstoff-Obergrenzen sowie den Richtlinien des Biokreis e. V.<\/span><\/p>\n<p class=\"p1\"><strong><span class=\"s1\">Weitere Informationen zum Biokreis finden Sie unter<\/span><\/strong><\/p>\n<ul>\n<li class=\"p1\"><span class=\"s1\">der Seite <a href=\"http:\/\/www.biokreis.de\" target=\"_blank\" rel=\"noopener\">www.biokreis.de<\/a><\/span><\/li>\n<li class=\"p1\"><span class=\"s1\">der <a href=\"https:\/\/www.ecopell.de\/wp-content\/uploads\/2021\/05\/biokreis_selbstdarstellungva.pdf\" target=\"_blank\" rel=\"noopener\">Selbstdarstellung von Biokreis<\/a> als PDF<\/span><\/li>\n<li class=\"p1\"><span class=\"s1\">Unserem <a href=\"https:\/\/www.ecopell.de\/wp-content\/uploads\/2026\/03\/20260302_114652.pdf\" target=\"_blank\" rel=\"noopener\">Zertifikat<\/a> als PDF<\/span><\/li>\n<\/ul>\n<blockquote>\n<p class=\"p1\"><span class=\"s1\">\u201eDie Nutzungsbedingungen des Biokreis besagen, dass ausschlie\u00dflich diejenigen das Siegel f\u00fcr die Au\u00dfendarstellung nutzen d\u00fcrfen, die selbst zertifiziert sind, in diesem Fall also nur die Ecopell GmbH. Ein textlicher Hinweis auf die Verarbeitung von BIOKREIS-zertifiziertem Ecopell-Leder, ist selbstverst\u00e4ndlich auch weiterhin m\u00f6glich. Nur die Abbildung des BIOKREIS-Siegels muss unterbleiben.\u201c<\/span><\/p>\n<\/blockquote>\n<\/div><\/section><\/div><div  class='hr av-bbvrm-adff97f6dd27d112933e6e2a51eff0f5 hr-default  avia-builder-el-15  el_after_av_two_third  el_before_av_one_third '><span class='hr-inner '><span class=\"hr-inner-style\"><\/span><\/span><\/div><\/p>\n\n<style type=\"text\/css\" data-created_by=\"avia_inline_auto\" id=\"style-css-av-1gkcf-89e268c87e3930a37159984c366fd9ef\">\n.flex_column.av-1gkcf-89e268c87e3930a37159984c366fd9ef{\nborder-radius:0px 0px 0px 0px;\npadding:0px 0px 0px 0px;\n}\n<\/style>\n<div  class='flex_column av-1gkcf-89e268c87e3930a37159984c366fd9ef av_one_third  avia-builder-el-16  el_after_av_hr  el_before_av_two_third  first flex_column_div av-zero-column-padding  '     ><\/div>\n\n<style type=\"text\/css\" data-created_by=\"avia_inline_auto\" id=\"style-css-av-162kf-61fe38476965453f0944733b2b0830c2\">\n.flex_column.av-162kf-61fe38476965453f0944733b2b0830c2{\nborder-radius:0px 0px 0px 0px;\npadding:0px 0px 0px 0px;\n}\n<\/style>\n<div  class='flex_column av-162kf-61fe38476965453f0944733b2b0830c2 av_two_third  avia-builder-el-17  el_after_av_one_third  avia-builder-el-last  flex_column_div av-zero-column-padding  '     ><section  class='av_textblock_section av-kob47vax-cb4949ef1b98fbd90c9043607afef7b8 '   itemscope=\"itemscope\" itemtype=\"https:\/\/schema.org\/CreativeWork\" ><div class='avia_textblock'  itemprop=\"text\" ><h3 class=\"p1\"><span class=\"s1\">WICHTIGE INFORMATION ZU UNSERER ECARF-ZERTIFIZIERUNG<\/span><\/h3>\n<p class=\"p1\"><span class=\"s1\">Sehr geehrte Kunden,<\/span><\/p>\n<p class=\"p1\"><span class=\"s1\">seit Beginn unserer T\u00e4tigkeiten bei ecopell setzen wir all unsere Energie f\u00fcr ein sauberes, vertr\u00e4gliches Leder und bis ins letzte Detail transparente, nachhaltige Lieferketten und Produktionslinien ein.<\/span><\/p>\n<p class=\"p1\"><span class=\"s1\">Dies m\u00fcndete in IVN- und Biokreis-Zertifizierungen, welche weiterhin j\u00e4hrlich neu \u00fcberpr\u00fcft werden. Die ECARF-Zertifizierungen waren in den vergangenen Jahren ebenfalls stets unser Betreben.<\/span><\/p>\n<p class=\"p1\"><span class=\"s1\">Aufgrund der immens gestiegenen Kosten in allen Bereichen, insbesondere aber auch die enormen Preissteigerungen f\u00fcr eine Re-Zertifizierung mit ECARF, haben wir uns entschieden, unsere Nappa- wie Velourleder in diesem Bereich nicht mehr zertifizieren zu lassen. Wir bedauern diese Entwicklung sehr, welche aber f\u00fcr uns als Unternehmen aus genannten Gr\u00fcnden alternativlos ist und hoffen auf Ihr Verst\u00e4ndnis, der Herstellungsprozess unserer Leder bleibt selbstredend weiterhin zu 100% der Gleiche.<\/span><\/p>\n<\/div><\/section><\/div>\n","protected":false},"excerpt":{"rendered":"","protected":false},"author":1,"featured_media":0,"parent":0,"menu_order":0,"comment_status":"closed","ping_status":"closed","template":"","meta":{"footnotes":""},"class_list":["post-162","page","type-page","status-publish","hentry"],"jetpack_sharing_enabled":true,"_links":{"self":[{"href":"https:\/\/www.ecopell.de\/index.php?rest_route=\/wp\/v2\/pages\/162","targetHints":{"allow":["GET"]}}],"collection":[{"href":"https:\/\/www.ecopell.de\/index.php?rest_route=\/wp\/v2\/pages"}],"about":[{"href":"https:\/\/www.ecopell.de\/index.php?rest_route=\/wp\/v2\/types\/page"}],"author":[{"embeddable":true,"href":"https:\/\/www.ecopell.de\/index.php?rest_route=\/wp\/v2\/users\/1"}],"replies":[{"embeddable":true,"href":"https:\/\/www.ecopell.de\/index.php?rest_route=%2Fwp%2Fv2%2Fcomments&post=162"}],"version-history":[{"count":30,"href":"https:\/\/www.ecopell.de\/index.php?rest_route=\/wp\/v2\/pages\/162\/revisions"}],"predecessor-version":[{"id":3026,"href":"https:\/\/www.ecopell.de\/index.php?rest_route=\/wp\/v2\/pages\/162\/revisions\/3026"}],"wp:attachment":[{"href":"https:\/\/www.ecopell.de\/index.php?rest_route=%2Fwp%2Fv2%2Fmedia&parent=162"}],"curies":[{"name":"wp","href":"https:\/\/api.w.org\/{rel}","templated":true}]}}