{"id":160,"date":"2021-04-26T18:34:55","date_gmt":"2021-04-26T18:34:55","guid":{"rendered":"https:\/\/new.ecopell.de\/?page_id=160"},"modified":"2021-06-08T07:32:28","modified_gmt":"2021-06-08T07:32:28","slug":"pflege","status":"publish","type":"page","link":"https:\/\/www.ecopell.de\/?page_id=160","title":{"rendered":"PFLEGE"},"content":{"rendered":"<div id='full_slider_1'  class='avia-fullwidth-slider main_color avia-shadow   avia-builder-el-0  el_before_av_one_full  avia-builder-el-first   container_wrap fullsize'  >\n<style type=\"text\/css\" data-created_by=\"avia_inline_auto\" id=\"style-css-av-kntw3sdi-100f0528d7bc570d90238892a396b82c\">\n#top #wrap_all .avia-slideshow .av-slideshow-caption.av-kntw3sdi-100f0528d7bc570d90238892a396b82c__0 .avia-caption-title{\nfont-size:50px;\n}\n#top .avia-slideshow .av-slideshow-caption.av-kntw3sdi-100f0528d7bc570d90238892a396b82c__0 .avia-caption-content{\nfont-size:30px;\n}\n#top .avia-slideshow .av-slideshow-caption.av-kntw3sdi-100f0528d7bc570d90238892a396b82c__0 .avia-caption-content p{\nfont-size:30px;\n}\n<\/style>\n<div  class='avia-slideshow av-kntw3sdi-100f0528d7bc570d90238892a396b82c avia-slideshow-featured av_slideshow_full avia-slide-slider av-slideshow-ui av-control-hidden av-no-slider-navigation av-hide-nav-arrows av-slideshow-autoplay av-loop-endless av-loop-manual-endless av-default-height-applied   avia-slideshow-1' data-slideshow-options=\"{&quot;animation&quot;:&quot;slide&quot;,&quot;autoplay&quot;:true,&quot;loop_autoplay&quot;:&quot;endless&quot;,&quot;interval&quot;:5,&quot;loop_manual&quot;:&quot;manual-endless&quot;,&quot;autoplay_stopper&quot;:false,&quot;noNavigation&quot;:true,&quot;bg_slider&quot;:false,&quot;keep_padding&quot;:false,&quot;hoverpause&quot;:false,&quot;show_slide_delay&quot;:0}\"  itemprop=\"image\" itemscope=\"itemscope\" itemtype=\"https:\/\/schema.org\/ImageObject\" ><ul class='avia-slideshow-inner ' style='padding-bottom: 28.666666666667%;'><li  class='avia-slideshow-slide av-kntw3sdi-100f0528d7bc570d90238892a396b82c__0  av-single-slide slide-1 slide-odd'><div data-rel='slideshow-1' class='avia-slide-wrap '   ><img decoding=\"async\" fetchpriority=\"high\" class=\"wp-image-432 avia-img-lazy-loading-not-432\"  src=\"https:\/\/i0.wp.com\/www.ecopell.de\/wp-content\/uploads\/2021\/05\/Header_Pflege.jpg?resize=1500%2C430&ssl=1\" width=\"1500\" height=\"430\" title='Header_Pflege' alt=''  itemprop=\"thumbnailUrl\" srcset=\"https:\/\/i0.wp.com\/www.ecopell.de\/wp-content\/uploads\/2021\/05\/Header_Pflege.jpg?w=1500&amp;ssl=1 1500w, https:\/\/i0.wp.com\/www.ecopell.de\/wp-content\/uploads\/2021\/05\/Header_Pflege.jpg?resize=300%2C86&amp;ssl=1 300w, https:\/\/i0.wp.com\/www.ecopell.de\/wp-content\/uploads\/2021\/05\/Header_Pflege.jpg?resize=1030%2C295&amp;ssl=1 1030w, https:\/\/i0.wp.com\/www.ecopell.de\/wp-content\/uploads\/2021\/05\/Header_Pflege.jpg?resize=768%2C220&amp;ssl=1 768w, https:\/\/i0.wp.com\/www.ecopell.de\/wp-content\/uploads\/2021\/05\/Header_Pflege.jpg?resize=705%2C202&amp;ssl=1 705w\" sizes=\"(max-width: 1500px) 100vw, 1500px\" \/><\/div><\/li><\/ul><div class='av-slideshow-caption av-kntw3sdi-100f0528d7bc570d90238892a396b82c__0 caption_fullwidth caption_center caption_center_framed caption_framed'><div class=\"container caption_container\"><div class=\"slideshow_caption\"><div class=\"slideshow_inner_caption\"><div class=\"slideshow_align_caption\"><h2 class='avia-caption-title '  itemprop=\"name\" >PFLEGE<\/h2><div class='avia-caption-content '  itemprop=\"description\" ><p>Pflegemittel &#038; Pflegehinweise<\/p>\n<\/div><\/div><\/div><\/div><\/div><\/div><\/div><\/div><div id='after_full_slider_1'  class='main_color av_default_container_wrap container_wrap fullsize'  ><div class='container av-section-cont-open' ><div class='template-page content  av-content-full alpha units'><div class='post-entry post-entry-type-page post-entry-160'><div class='entry-content-wrapper clearfix'>\n\n<style type=\"text\/css\" data-created_by=\"avia_inline_auto\" id=\"style-css-av-148cc-815ac8ff5a3fda97c273f99a3796b8f4\">\n.flex_column.av-148cc-815ac8ff5a3fda97c273f99a3796b8f4{\nborder-radius:0px 0px 0px 0px;\npadding:0px 0px 0px 0px;\n}\n<\/style>\n<div  class='flex_column av-148cc-815ac8ff5a3fda97c273f99a3796b8f4 av_one_full  avia-builder-el-1  el_after_av_slideshow_full  el_before_av_two_third  avia-builder-el-first  first flex_column_div av-zero-column-padding  '     ><section  class='av_textblock_section av-kntvz7lq-1f17139c7f650a3406636206f4a135ed '   itemscope=\"itemscope\" itemtype=\"https:\/\/schema.org\/CreativeWork\" ><div class='avia_textblock'  itemprop=\"text\" ><h1>Pflegemittel<\/h1>\n\n<style type=\"text\/css\" data-created_by=\"avia_inline_auto\" id=\"style-css-av-oh6n-2d2cb97ae7d0410969f4efc60bb99c4b\">\n.av_font_icon.av-oh6n-2d2cb97ae7d0410969f4efc60bb99c4b .av-icon-char{\nfont-size:40px;\nline-height:40px;\n}\n<\/style>\n<span  class='av_font_icon av-oh6n-2d2cb97ae7d0410969f4efc60bb99c4b avia_animate_when_visible av-icon-style- avia-icon-pos-left avia-iconfont avia-font-entypo-fontello av-no-color avia-icon-animate'><span class='av-icon-char' data-av_icon='\ue819' data-av_iconfont='entypo-fontello' aria-hidden=\"true\" ><\/span><\/span>\n<\/div><\/section><\/div>\n\n<style type=\"text\/css\" data-created_by=\"avia_inline_auto\" id=\"style-css-av-uvlvc-3d1254ffbc3810d1f94bf9384773fcb1\">\n.flex_column.av-uvlvc-3d1254ffbc3810d1f94bf9384773fcb1{\nborder-radius:0px 0px 0px 0px;\npadding:0px 0px 0px 0px;\n}\n<\/style>\n<div  class='flex_column av-uvlvc-3d1254ffbc3810d1f94bf9384773fcb1 av_two_third  avia-builder-el-4  el_after_av_one_full  el_before_av_one_third  first flex_column_div av-zero-column-padding  column-top-margin'     ><section  class='av_textblock_section av-kntvzuwc-93e7fda24107d9a160fd46bc35ef6554 '   itemscope=\"itemscope\" itemtype=\"https:\/\/schema.org\/CreativeWork\" ><div class='avia_textblock'  itemprop=\"text\" ><h3 class=\"Unter-berschrift\">Geschmack will gepflegt sein<\/h3>\n<\/div><\/section><br \/>\n<section  class='av_textblock_section av-kntw08x8-c4a7de28a9a00341b121d2151c238a73 '   itemscope=\"itemscope\" itemtype=\"https:\/\/schema.org\/CreativeWork\" ><div class='avia_textblock'  itemprop=\"text\" ><p class=\"Text\">Ecopell Auffrischungsmittel (Konzentrat) ist nur f\u00fcr Ecopell Nappaleder naturbelassen anwendbar.<\/p>\n<h5 class=\"Text\">Inhaltsstoffe:<\/h5>\n<ul id=\"u66391-12\" class=\"list0 nls-None\">\n<li class=\"Aufz-hlung\">R\u00fcckfettendes Konzentrat auf Basis von Oliven\u00f6l<\/li>\n<li class=\"Aufz-hlung\">Emulgator: genfreies Sojalecithin<\/li>\n<\/ul>\n<h5 class=\"Text\">Anwendung:<\/h5>\n<ul id=\"u66391-25\" class=\"list0 nls-None\">\n<li class=\"Aufz-hlung\">In der Regel 1 Teil Konzentrat mit 2 Teile Wasser vermischen und kurz durchsch\u00fctteln.<br \/>\nBitte nur soviel mischen wie im Moment ben\u00f6tigt wird.<\/li>\n<li class=\"Aufz-hlung\">Mit einem Tuch st\u00e4ndig gut benetzen und die Mischung in kreisenden Bewegungen auf das ganze Lederteil rasch aufbringen und ca. 24 Std. eindringen bzw. abtrocknen lassen.<\/li>\n<li class=\"Aufz-hlung\">Danach mit einem trockenen weichen Tuch das ganze Lederteil abreiben.<\/li>\n<\/ul>\n<p class=\"Text\">Durch die Behandlung kann eine leichte Zweifarbigkeit entstehen. Der Grund ist wie folgt: Jede Hautzone nimmt nur soviel Konzentrat auf, wie es die Faserstruktur zul\u00e4sst. F\u00fcr die regelm\u00e4\u00dfige Anwendung empfehlen wir nicht mehr als 1 bis 3 mal im Jahr &#8211; abh\u00e4ngig von der Nutzung und der Raumluftumgebung. Das Tuch kann in Verbindung Konzentrat \/ Farbstoff im Leder \u2013 der sich besonders in der oberen Narbenschicht ansammelt \u2013 die Farbe des Leders annehmen \u2013 dies ist eine warentypische Eigenschaft.<\/p>\n<ul id=\"u66391-36\" class=\"list0 nls-None\">\n<li class=\"Aufz-hlung\">Ecopell Auffrischungsmittel bei ca. 15\u00b0 Celsius aufbewahren und vor Gebrauch kurz sch\u00fctteln<\/li>\n<li class=\"Aufz-hlung\">Bei sachgem\u00e4\u00dfer Lagerung mind. 2 Jahre haltbar<\/li>\n<li class=\"Aufz-hlung\">Lieferbar in den Gr\u00f6\u00dfen 250 ml, 150 ml und 50 ml<\/li>\n<\/ul>\n<\/div><\/section><\/p><\/div>\n\n<style type=\"text\/css\" data-created_by=\"avia_inline_auto\" id=\"style-css-av-t6kc8-cff16134763510af838883a6c67702c8\">\n.flex_column.av-t6kc8-cff16134763510af838883a6c67702c8{\nborder-radius:0px 0px 0px 0px;\npadding:0px 0px 0px 0px;\n}\n<\/style>\n<div  class='flex_column av-t6kc8-cff16134763510af838883a6c67702c8 av_one_third  avia-builder-el-7  el_after_av_two_third  el_before_av_hr  flex_column_div av-zero-column-padding  column-top-margin'     ><style type=\"text\/css\" data-created_by=\"avia_inline_auto\" id=\"style-css-av-kol4u1em-80851ca6ab493cdd52b2c1fad6b487bc\">\n.avia-image-container.av-kol4u1em-80851ca6ab493cdd52b2c1fad6b487bc img.avia_image{\nbox-shadow:none;\n}\n.avia-image-container.av-kol4u1em-80851ca6ab493cdd52b2c1fad6b487bc .av-image-caption-overlay-center{\ncolor:#ffffff;\n}\n<\/style>\n<div  class='avia-image-container av-kol4u1em-80851ca6ab493cdd52b2c1fad6b487bc av-styling- avia-align-center  avia-builder-el-8  avia-builder-el-no-sibling '   itemprop=\"image\" itemscope=\"itemscope\" itemtype=\"https:\/\/schema.org\/ImageObject\" ><div class=\"avia-image-container-inner\"><div class=\"avia-image-overlay-wrap\"><img decoding=\"async\" fetchpriority=\"high\" class='wp-image-623 avia-img-lazy-loading-not-623 avia_image ' src=\"https:\/\/i0.wp.com\/www.ecopell.de\/wp-content\/uploads\/2021\/06\/Ecopell_Pflege.jpg?fit=300%2C300&ssl=1\" alt='' title='Ecopell_Pflege'  height=\"300\" width=\"300\"  itemprop=\"thumbnailUrl\" srcset=\"https:\/\/i0.wp.com\/www.ecopell.de\/wp-content\/uploads\/2021\/06\/Ecopell_Pflege.jpg?w=300&amp;ssl=1 300w, https:\/\/i0.wp.com\/www.ecopell.de\/wp-content\/uploads\/2021\/06\/Ecopell_Pflege.jpg?resize=80%2C80&amp;ssl=1 80w, https:\/\/i0.wp.com\/www.ecopell.de\/wp-content\/uploads\/2021\/06\/Ecopell_Pflege.jpg?resize=36%2C36&amp;ssl=1 36w, https:\/\/i0.wp.com\/www.ecopell.de\/wp-content\/uploads\/2021\/06\/Ecopell_Pflege.jpg?resize=180%2C180&amp;ssl=1 180w\" sizes=\"(max-width: 300px) 100vw, 300px\" \/><\/div><\/div><\/div><\/div><div  class='hr av-j4nsg-cc8e32aa15e922cb2ba07a1f3c77e3e0 hr-default  avia-builder-el-9  el_after_av_one_third  el_before_av_one_full '><span class='hr-inner '><span class=\"hr-inner-style\"><\/span><\/span><\/div><\/p>\n\n<style type=\"text\/css\" data-created_by=\"avia_inline_auto\" id=\"style-css-av-148cc-815ac8ff5a3fda97c273f99a3796b8f4\">\n.flex_column.av-148cc-815ac8ff5a3fda97c273f99a3796b8f4{\nborder-radius:0px 0px 0px 0px;\npadding:0px 0px 0px 0px;\n}\n<\/style>\n<div  class='flex_column av-148cc-815ac8ff5a3fda97c273f99a3796b8f4 av_one_full  avia-builder-el-10  el_after_av_hr  el_before_av_two_third  first flex_column_div av-zero-column-padding  '     ><section  class='av_textblock_section av-kntvz7lq-1f17139c7f650a3406636206f4a135ed '   itemscope=\"itemscope\" itemtype=\"https:\/\/schema.org\/CreativeWork\" ><div class='avia_textblock'  itemprop=\"text\" ><h1>Pflegehinweise<\/h1>\n\n<style type=\"text\/css\" data-created_by=\"avia_inline_auto\" id=\"style-css-av-oh6n-2d2cb97ae7d0410969f4efc60bb99c4b\">\n.av_font_icon.av-oh6n-2d2cb97ae7d0410969f4efc60bb99c4b .av-icon-char{\nfont-size:40px;\nline-height:40px;\n}\n<\/style>\n<span  class='av_font_icon av-oh6n-2d2cb97ae7d0410969f4efc60bb99c4b avia_animate_when_visible av-icon-style- avia-icon-pos-left avia-iconfont avia-font-entypo-fontello av-no-color avia-icon-animate'><span class='av-icon-char' data-av_icon='\ue819' data-av_iconfont='entypo-fontello' aria-hidden=\"true\" ><\/span><\/span>\n<\/div><\/section><\/div>\n\n<style type=\"text\/css\" data-created_by=\"avia_inline_auto\" id=\"style-css-av-g5gzs-99ee569978c944812536a60fd2ee9e85\">\n.flex_column.av-g5gzs-99ee569978c944812536a60fd2ee9e85{\nborder-radius:0px 0px 0px 0px;\npadding:0px 0px 0px 0px;\n}\n<\/style>\n<div  class='flex_column av-g5gzs-99ee569978c944812536a60fd2ee9e85 av_two_third  avia-builder-el-13  el_after_av_one_full  el_before_av_one_third  first flex_column_div av-zero-column-padding  column-top-margin'     ><section  class='av_textblock_section av-kntw08x8-c4a7de28a9a00341b121d2151c238a73 '   itemscope=\"itemscope\" itemtype=\"https:\/\/schema.org\/CreativeWork\" ><div class='avia_textblock'  itemprop=\"text\" ><p class=\"Text\">Unser Leder ist gen\u00fcgsam in seinen Pflegeanspr\u00fcchen. In den ersten Jahren des Gebrauchs reicht es aus, Staub und leichten Schmutz mit einem feuchten Tuch zu entfernen.<\/p>\n<p class=\"Text\">Bei normaler Beanspruchung ben\u00f6tigt das Leder erst nach etwa 2-4 Jahren die erste \u201eNahrung\u201d in Form eines Auffrischungsmittels (bei intensiver Nutzung z. B. im gastronomischen Bereich kann dies fr\u00fcher der Fall sein). Danach sollte es ein- bis zweimal pro Jahr sparsam behandelt werden. F\u00fcr Ecopell Nappaleder empfiehlt sich unser Ecopell\u2013Auffrischungsmittel.<\/p>\n<p class=\"Text\">F\u00fcr das Ecopell Antikleder empfehlen wir die Leder Lotion der Firma Livos. Die Lotion hat neben einer pflegenden auch noch eine leicht impr\u00e4gnierende Wirkung.<\/p>\n<ul id=\"u66385-18\" class=\"list0 nls-None\">\n<li class=\"Aufz-hlung Link_im_Text_21\">Weitere Informationen finden Sie unter\u00a0<a class=\"nonblock\" href=\"http:\/\/www.livos.de\/\" target=\"_blank\" rel=\"noopener\">www.livos.de<\/a><\/li>\n<\/ul>\n<\/div><\/section><\/div>\n\n<style type=\"text\/css\" data-created_by=\"avia_inline_auto\" id=\"style-css-av-a5w6w-f25b97746938d34865328685dc23370c\">\n.flex_column.av-a5w6w-f25b97746938d34865328685dc23370c{\nborder-radius:0px 0px 0px 0px;\npadding:0px 0px 0px 0px;\n}\n<\/style>\n<div  class='flex_column av-a5w6w-f25b97746938d34865328685dc23370c av_one_third  avia-builder-el-15  el_after_av_two_third  avia-builder-el-last  flex_column_div av-zero-column-padding  column-top-margin'     ><p>\n<style type=\"text\/css\" data-created_by=\"avia_inline_auto\" id=\"style-css-av-kol4u1em-4f36a66381f62a045206f1332ad25eeb\">\n.avia-image-container.av-kol4u1em-4f36a66381f62a045206f1332ad25eeb img.avia_image{\nbox-shadow:none;\n}\n.avia-image-container.av-kol4u1em-4f36a66381f62a045206f1332ad25eeb .av-image-caption-overlay-center{\ncolor:#ffffff;\n}\n<\/style>\n<div  class='avia-image-container av-kol4u1em-4f36a66381f62a045206f1332ad25eeb av-styling- avia-align-center  avia-builder-el-16  el_before_av_textblock  avia-builder-el-first '   itemprop=\"image\" itemscope=\"itemscope\" itemtype=\"https:\/\/schema.org\/ImageObject\" ><div class=\"avia-image-container-inner\"><div class=\"avia-image-overlay-wrap\"><img decoding=\"async\" fetchpriority=\"high\" class='wp-image-411 avia-img-lazy-loading-not-411 avia_image ' src=\"https:\/\/i0.wp.com\/www.ecopell.de\/wp-content\/uploads\/2021\/05\/Pflegehinweise.jpg?fit=300%2C300&ssl=1\" alt='' title='Pflegehinweise'  height=\"300\" width=\"300\"  itemprop=\"thumbnailUrl\" srcset=\"https:\/\/i0.wp.com\/www.ecopell.de\/wp-content\/uploads\/2021\/05\/Pflegehinweise.jpg?w=300&amp;ssl=1 300w, https:\/\/i0.wp.com\/www.ecopell.de\/wp-content\/uploads\/2021\/05\/Pflegehinweise.jpg?resize=80%2C80&amp;ssl=1 80w, https:\/\/i0.wp.com\/www.ecopell.de\/wp-content\/uploads\/2021\/05\/Pflegehinweise.jpg?resize=36%2C36&amp;ssl=1 36w, https:\/\/i0.wp.com\/www.ecopell.de\/wp-content\/uploads\/2021\/05\/Pflegehinweise.jpg?resize=180%2C180&amp;ssl=1 180w\" sizes=\"(max-width: 300px) 100vw, 300px\" \/><\/div><\/div><\/div><br \/>\n<section  class='av_textblock_section av-kol4za14-8b80bd1a0654b23646e3ffa587b6f52b '   itemscope=\"itemscope\" itemtype=\"https:\/\/schema.org\/CreativeWork\" ><div class='avia_textblock'  itemprop=\"text\" ><h6 style=\"text-align: center;\">Bild: Eve+Adis<\/h6>\n<\/div><\/section><\/p><\/div>\n","protected":false},"excerpt":{"rendered":"","protected":false},"author":1,"featured_media":0,"parent":0,"menu_order":0,"comment_status":"closed","ping_status":"closed","template":"","meta":{"footnotes":""},"class_list":["post-160","page","type-page","status-publish","hentry"],"jetpack_sharing_enabled":true,"_links":{"self":[{"href":"https:\/\/www.ecopell.de\/index.php?rest_route=\/wp\/v2\/pages\/160","targetHints":{"allow":["GET"]}}],"collection":[{"href":"https:\/\/www.ecopell.de\/index.php?rest_route=\/wp\/v2\/pages"}],"about":[{"href":"https:\/\/www.ecopell.de\/index.php?rest_route=\/wp\/v2\/types\/page"}],"author":[{"embeddable":true,"href":"https:\/\/www.ecopell.de\/index.php?rest_route=\/wp\/v2\/users\/1"}],"replies":[{"embeddable":true,"href":"https:\/\/www.ecopell.de\/index.php?rest_route=%2Fwp%2Fv2%2Fcomments&post=160"}],"version-history":[{"count":4,"href":"https:\/\/www.ecopell.de\/index.php?rest_route=\/wp\/v2\/pages\/160\/revisions"}],"predecessor-version":[{"id":625,"href":"https:\/\/www.ecopell.de\/index.php?rest_route=\/wp\/v2\/pages\/160\/revisions\/625"}],"wp:attachment":[{"href":"https:\/\/www.ecopell.de\/index.php?rest_route=%2Fwp%2Fv2%2Fmedia&parent=160"}],"curies":[{"name":"wp","href":"https:\/\/api.w.org\/{rel}","templated":true}]}}