{"id":154,"date":"2021-04-26T18:33:40","date_gmt":"2021-04-26T18:33:40","guid":{"rendered":"https:\/\/new.ecopell.de\/?page_id=154"},"modified":"2023-04-02T18:58:23","modified_gmt":"2023-04-02T16:58:23","slug":"futterleder","status":"publish","type":"page","link":"https:\/\/www.ecopell.de\/?page_id=154","title":{"rendered":"FUTTERLEDER"},"content":{"rendered":"<div id='full_slider_1'  class='avia-fullwidth-slider main_color avia-shadow   avia-builder-el-0  el_before_av_textblock  avia-builder-el-first   container_wrap fullsize'  >\n<style type=\"text\/css\" data-created_by=\"avia_inline_auto\" id=\"style-css-av-kntw3sdi-100f0528d7bc570d90238892a396b82c\">\n#top #wrap_all .avia-slideshow .av-slideshow-caption.av-kntw3sdi-100f0528d7bc570d90238892a396b82c__0 .avia-caption-title{\nfont-size:50px;\n}\n#top .avia-slideshow .av-slideshow-caption.av-kntw3sdi-100f0528d7bc570d90238892a396b82c__0 .avia-caption-content{\nfont-size:30px;\n}\n#top .avia-slideshow .av-slideshow-caption.av-kntw3sdi-100f0528d7bc570d90238892a396b82c__0 .avia-caption-content p{\nfont-size:30px;\n}\n<\/style>\n<div  class='avia-slideshow av-kntw3sdi-100f0528d7bc570d90238892a396b82c avia-slideshow-featured av_slideshow_full avia-slide-slider av-slideshow-ui av-control-hidden av-no-slider-navigation av-hide-nav-arrows av-slideshow-autoplay av-loop-endless av-loop-manual-endless av-default-height-applied   avia-slideshow-1' data-slideshow-options=\"{&quot;animation&quot;:&quot;slide&quot;,&quot;autoplay&quot;:true,&quot;loop_autoplay&quot;:&quot;endless&quot;,&quot;interval&quot;:5,&quot;loop_manual&quot;:&quot;manual-endless&quot;,&quot;autoplay_stopper&quot;:false,&quot;noNavigation&quot;:true,&quot;bg_slider&quot;:false,&quot;keep_padding&quot;:false,&quot;hoverpause&quot;:false,&quot;show_slide_delay&quot;:0}\"  itemprop=\"image\" itemscope=\"itemscope\" itemtype=\"https:\/\/schema.org\/ImageObject\" ><ul class='avia-slideshow-inner ' style='padding-bottom: 28.666666666667%;'><li  class='avia-slideshow-slide av-kntw3sdi-100f0528d7bc570d90238892a396b82c__0  av-single-slide slide-1 slide-odd'><div data-rel='slideshow-1' class='avia-slide-wrap '   ><img decoding=\"async\" fetchpriority=\"high\" class=\"wp-image-1133 avia-img-lazy-loading-not-1133\"  src=\"https:\/\/i0.wp.com\/www.ecopell.de\/wp-content\/uploads\/2021\/07\/Header_Futterleder.jpg?resize=1500%2C430&ssl=1\" width=\"1500\" height=\"430\" title='Header_Futterleder' alt=''  itemprop=\"thumbnailUrl\" srcset=\"https:\/\/i0.wp.com\/www.ecopell.de\/wp-content\/uploads\/2021\/07\/Header_Futterleder.jpg?w=1500&amp;ssl=1 1500w, https:\/\/i0.wp.com\/www.ecopell.de\/wp-content\/uploads\/2021\/07\/Header_Futterleder.jpg?resize=300%2C86&amp;ssl=1 300w, https:\/\/i0.wp.com\/www.ecopell.de\/wp-content\/uploads\/2021\/07\/Header_Futterleder.jpg?resize=1030%2C295&amp;ssl=1 1030w, https:\/\/i0.wp.com\/www.ecopell.de\/wp-content\/uploads\/2021\/07\/Header_Futterleder.jpg?resize=768%2C220&amp;ssl=1 768w, https:\/\/i0.wp.com\/www.ecopell.de\/wp-content\/uploads\/2021\/07\/Header_Futterleder.jpg?resize=705%2C202&amp;ssl=1 705w\" sizes=\"(max-width: 1500px) 100vw, 1500px\" \/><\/div><\/li><\/ul><div class='av-slideshow-caption av-kntw3sdi-100f0528d7bc570d90238892a396b82c__0 caption_fullwidth caption_center caption_center_framed caption_framed'><div class=\"container caption_container\"><div class=\"slideshow_caption\"><div class=\"slideshow_inner_caption\"><div class=\"slideshow_align_caption\"><h2 class='avia-caption-title '  itemprop=\"name\" >FUTTERLEDER<\/h2><div class='avia-caption-content '  itemprop=\"description\" ><p>F\u00fc\u00dfe lieben Natur<\/p>\n<\/div><\/div><\/div><\/div><\/div><\/div><\/div><\/div><div id='after_full_slider_1'  class='main_color av_default_container_wrap container_wrap fullsize'  ><div class='container av-section-cont-open' ><div class='template-page content  av-content-full alpha units'><div class='post-entry post-entry-type-page post-entry-154'><div class='entry-content-wrapper clearfix'>\n<section  class='av_textblock_section av-kntvz7lq-1f17139c7f650a3406636206f4a135ed '   itemscope=\"itemscope\" itemtype=\"https:\/\/schema.org\/CreativeWork\" ><div class='avia_textblock'  itemprop=\"text\" ><h1>Futterleder<\/h1>\n\n<style type=\"text\/css\" data-created_by=\"avia_inline_auto\" id=\"style-css-av-oh6n-2d2cb97ae7d0410969f4efc60bb99c4b\">\n.av_font_icon.av-oh6n-2d2cb97ae7d0410969f4efc60bb99c4b .av-icon-char{\nfont-size:40px;\nline-height:40px;\n}\n<\/style>\n<span  class='av_font_icon av-oh6n-2d2cb97ae7d0410969f4efc60bb99c4b avia_animate_when_visible av-icon-style- avia-icon-pos-left avia-iconfont avia-font-entypo-fontello av-no-color avia-icon-animate'><span class='av-icon-char' data-av_icon='\ue819' data-av_iconfont='entypo-fontello' aria-hidden=\"true\" ><\/span><\/span>\n<\/div><\/section>\n\n<style type=\"text\/css\" data-created_by=\"avia_inline_auto\" id=\"style-css-av-1iuku-27749b7be1e9f0b7157e1ad145150437\">\n.flex_column.av-1iuku-27749b7be1e9f0b7157e1ad145150437{\nborder-radius:0px 0px 0px 0px;\npadding:0px 0px 0px 0px;\n}\n<\/style>\n<div  class='flex_column av-1iuku-27749b7be1e9f0b7157e1ad145150437 av_one_fourth  avia-builder-el-3  el_after_av_textblock  el_before_av_three_fourth  first flex_column_div av-zero-column-padding  column-top-margin'     ><p><div  class='avia-builder-widget-area clearfix  avia-builder-el-4  el_before_av_image  avia-builder-el-first '><div id=\"nav_menu-9\" class=\"widget clearfix widget_nav_menu\"><h3 class=\"widgettitle\">Kollektion<\/h3><div class=\"menu-kollektion-container\"><ul id=\"menu-kollektion\" class=\"menu\"><li id=\"menu-item-258\" class=\"menu-item menu-item-type-post_type menu-item-object-page menu-item-258\"><a href=\"https:\/\/www.ecopell.de\/?page_id=56\">NAPPA<\/a><\/li>\n<li id=\"menu-item-262\" class=\"menu-item menu-item-type-post_type menu-item-object-page menu-item-262\"><a href=\"https:\/\/www.ecopell.de\/?page_id=58\">VELOUR<\/a><\/li>\n<li id=\"menu-item-259\" class=\"menu-item menu-item-type-post_type menu-item-object-page menu-item-259\"><a href=\"https:\/\/www.ecopell.de\/?page_id=146\">RODEO<\/a><\/li>\n<li id=\"menu-item-260\" class=\"menu-item menu-item-type-post_type menu-item-object-page menu-item-260\"><a href=\"https:\/\/www.ecopell.de\/?page_id=148\">RODEO PLUS<\/a><\/li>\n<li id=\"menu-item-261\" class=\"menu-item menu-item-type-post_type menu-item-object-page menu-item-261\"><a href=\"https:\/\/www.ecopell.de\/?page_id=150\">RODEO SOFT<\/a><\/li>\n<li id=\"menu-item-257\" class=\"menu-item menu-item-type-post_type menu-item-object-page menu-item-257\"><a href=\"https:\/\/www.ecopell.de\/?page_id=152\">GLAMOUR<\/a><\/li>\n<li id=\"menu-item-256\" class=\"menu-item menu-item-type-post_type menu-item-object-page menu-item-256\"><a href=\"https:\/\/www.ecopell.de\/?page_id=154\">FUTTERLEDER<\/a><\/li>\n<\/ul><\/div><\/div><\/div><br \/>\n\n<style type=\"text\/css\" data-created_by=\"avia_inline_auto\" id=\"style-css-av-knzsljlf-f6b7a42141ee9a156f740f48529de1ff\">\n.avia-image-container.av-knzsljlf-f6b7a42141ee9a156f740f48529de1ff img.avia_image{\nbox-shadow:none;\n}\n.avia-image-container.av-knzsljlf-f6b7a42141ee9a156f740f48529de1ff .av-image-caption-overlay-center{\ncolor:#ffffff;\n}\n<\/style>\n<div  class='avia-image-container av-knzsljlf-f6b7a42141ee9a156f740f48529de1ff av-styling- avia-align-center  avia-builder-el-5  el_after_av_sidebar  el_before_av_textblock '   itemprop=\"image\" itemscope=\"itemscope\" itemtype=\"https:\/\/schema.org\/ImageObject\" ><div class=\"avia-image-container-inner\"><div class=\"avia-image-overlay-wrap\"><img decoding=\"async\" fetchpriority=\"high\" class='wp-image-1135 avia-img-lazy-loading-not-1135 avia_image ' src=\"https:\/\/i0.wp.com\/www.ecopell.de\/wp-content\/uploads\/2021\/07\/Bild_Futterleder.jpg?fit=300%2C300&ssl=1\" alt='' title='Bild_Futterleder'  height=\"300\" width=\"300\"  itemprop=\"thumbnailUrl\" srcset=\"https:\/\/i0.wp.com\/www.ecopell.de\/wp-content\/uploads\/2021\/07\/Bild_Futterleder.jpg?w=300&amp;ssl=1 300w, https:\/\/i0.wp.com\/www.ecopell.de\/wp-content\/uploads\/2021\/07\/Bild_Futterleder.jpg?resize=80%2C80&amp;ssl=1 80w, https:\/\/i0.wp.com\/www.ecopell.de\/wp-content\/uploads\/2021\/07\/Bild_Futterleder.jpg?resize=36%2C36&amp;ssl=1 36w, https:\/\/i0.wp.com\/www.ecopell.de\/wp-content\/uploads\/2021\/07\/Bild_Futterleder.jpg?resize=180%2C180&amp;ssl=1 180w\" sizes=\"(max-width: 300px) 100vw, 300px\" \/><\/div><\/div><\/div><br \/>\n<section  class='av_textblock_section av-kntw08x8-c4a7de28a9a00341b121d2151c238a73 '   itemscope=\"itemscope\" itemtype=\"https:\/\/schema.org\/CreativeWork\" ><div class='avia_textblock'  itemprop=\"text\" ><h6 class=\"Text\" style=\"text-align: center;\">Bild: Vitallo<\/h6>\n<\/div><\/section><\/p><\/div>\n\n<style type=\"text\/css\" data-created_by=\"avia_inline_auto\" id=\"style-css-av-1rz4k-03e47df50278e947ccca22fa46ed5b60\">\n.flex_column.av-1rz4k-03e47df50278e947ccca22fa46ed5b60{\nborder-radius:0px 0px 0px 0px;\npadding:0px 0px 0px 0px;\n}\n<\/style>\n<div  class='flex_column av-1rz4k-03e47df50278e947ccca22fa46ed5b60 av_three_fourth  avia-builder-el-7  el_after_av_one_fourth  el_before_av_hr  flex_column_div av-zero-column-padding  column-top-margin'     ><section  class='av_textblock_section av-kntw08x8-c4a7de28a9a00341b121d2151c238a73 '   itemscope=\"itemscope\" itemtype=\"https:\/\/schema.org\/CreativeWork\" ><div class='avia_textblock'  itemprop=\"text\" ><p class=\"Text\">Tragekomfort, Passform und Langlebigkeit sind die entscheidenden Kriterien beim Schuhkauf. Dabei h\u00e4ngt das gute Gef\u00fchl im Schuh ganz besonders vom Futterleder ab. In Edelrind-Futterledern von Ecopell finden F\u00fc\u00dfe die individuell perfekte Umgebung: weich, atmungsaktiv und hautvertr\u00e4glich. Futterleder von Ecopell sind das nat\u00fcrlichste und ges\u00fcndeste Innen-Leben, das man sich f\u00fcr seine Schuhe w\u00fcnschen kann. Die Leder werden mit reinen Pflanzenstoffen gegerbt. Das macht sie besonders atmungsaktiv \u2013 und so hautvertr\u00e4glich, dass sich die Schuhe problemlos barfuss tragen lassen.<\/p>\n<h4 class=\"Unter-berschrift\">F\u00dcSSE LIEBEN NATUR<\/h4>\n<p class=\"Text\">&#8230;und Schuhe ein Futter, das ihre Qualit\u00e4t zum Tragen bringt. Speziell f\u00fcr Allergiker sind mit Ecopell-Leder gef\u00fctterte Schuhe eine Wohltat. Die unterschiedlichen Farbvarianten verdankt das Leder den nat\u00fcrlichen Gerbstoffen, ohne Farbzus\u00e4tze. Bei Tara- und Valonea-Leder bringen die gleichnamigen Pflanzenstoffe den hellen Eigenfarbton zur Geltung. Aufgrund des nat\u00fcrlichen Herstellungsverfahrens f\u00e4rben diese Leder nicht aus und behalten l\u00e4nger ihre ansprechende Optik. Wie alle nat\u00fcrlich gegerbten Leder weisen auch Futterleder von F\u00e4rbung zu F\u00e4rbung leichte Unterschiede im Ton auf. F\u00fcr Edelrind-Futterleder von Ecopell werden nur ausgesuchte H\u00e4ute aus S\u00fcddeutschland verwendet und sorgf\u00e4ltig verarbeitet. Bei der Herstellung steht Nat\u00fcrlichkeit im Mittelpunkt: Schadstoffpr\u00fcfungen durch unabh\u00e4ngige Institute garantieren den weltweit h\u00f6chsten Umweltstandard bei der Lederproduktion.<\/p>\n<ul id=\"u27743-17\" class=\"list0 nls-None\">\n<li class=\"Aufz-hlung Link_im_Text_21\">Weitere Informationen \u00fcber Rindfutterleder finden Sie unter\u00a0<a class=\"nonblock\" href=\"http:\/\/www.orthopaedieleder.de\/\" target=\"_blank\" rel=\"noopener\">www.orthopaedieleder.de<\/a><\/li>\n<li class=\"Aufz-hlung\">Alle Farben sind IVN zertifiziert und chromfrei unter Ber\u00fccksichtigung der IVN Lederrichtlinien.<\/li>\n<li class=\"Aufz-hlung\">F\u00fcr Orthop\u00e4den: alle Futterleder sind SG-gepr\u00fcft<\/li>\n<\/ul>\n<p class=\"Text\">Durch einen Klick auf den Namen der gew\u00fcnschten Farbe erhalten Sie das Datenblatt mit technischen Werten und den dazugeh\u00f6rigen Testergebnissen. Bei Interesse an Bioh\u00e4uten setzen Sie sich bitte pers\u00f6nlich mit uns in Verbindung.<\/p>\n<\/div><\/section><\/div>\n<div  class='hr av-56w7g-cad7f77ddfb1be0bf921fffd7a5142a7 hr-default  avia-builder-el-9  el_after_av_three_fourth  el_before_av_one_fifth '><span class='hr-inner '><span class=\"hr-inner-style\"><\/span><\/span><\/div>\n\n<style type=\"text\/css\" data-created_by=\"avia_inline_auto\" id=\"style-css-av-12n8w-caffc2fb5f8a60c8a2326184cc893da9\">\n.flex_column.av-12n8w-caffc2fb5f8a60c8a2326184cc893da9{\nborder-radius:0px 0px 0px 0px;\npadding:0px 0px 0px 0px;\n}\n<\/style>\n<div  class='flex_column av-12n8w-caffc2fb5f8a60c8a2326184cc893da9 av_one_fifth  avia-builder-el-10  el_after_av_hr  el_before_av_one_fifth  first flex_column_div av-zero-column-padding  '     ><p>\n<style type=\"text\/css\" data-created_by=\"avia_inline_auto\" id=\"style-css-av-kpnsdi1q-3e077f19877ce32505a34777a94e2be1\">\n.avia-image-container.av-kpnsdi1q-3e077f19877ce32505a34777a94e2be1 img.avia_image{\nbox-shadow:none;\n}\n.avia-image-container.av-kpnsdi1q-3e077f19877ce32505a34777a94e2be1 .av-image-caption-overlay-center{\ncolor:#ffffff;\n}\n<\/style>\n<div  class='avia-image-container av-kpnsdi1q-3e077f19877ce32505a34777a94e2be1 av-styling- avia-align-center  avia-builder-el-11  el_before_av_textblock  avia-builder-el-first '   itemprop=\"image\" itemscope=\"itemscope\" itemtype=\"https:\/\/schema.org\/ImageObject\" ><div class=\"avia-image-container-inner\"><div class=\"avia-image-overlay-wrap\"><img decoding=\"async\" fetchpriority=\"high\" class='wp-image-1252 avia-img-lazy-loading-not-1252 avia_image ' src=\"https:\/\/i0.wp.com\/www.ecopell.de\/wp-content\/uploads\/2021\/07\/361-FO-Tara.jpg?fit=300%2C300&ssl=1\" alt='' title='361 FO Tara'  height=\"300\" width=\"300\"  itemprop=\"thumbnailUrl\" srcset=\"https:\/\/i0.wp.com\/www.ecopell.de\/wp-content\/uploads\/2021\/07\/361-FO-Tara.jpg?w=650&amp;ssl=1 650w, https:\/\/i0.wp.com\/www.ecopell.de\/wp-content\/uploads\/2021\/07\/361-FO-Tara.jpg?resize=300%2C300&amp;ssl=1 300w, https:\/\/i0.wp.com\/www.ecopell.de\/wp-content\/uploads\/2021\/07\/361-FO-Tara.jpg?resize=80%2C80&amp;ssl=1 80w, https:\/\/i0.wp.com\/www.ecopell.de\/wp-content\/uploads\/2021\/07\/361-FO-Tara.jpg?resize=36%2C36&amp;ssl=1 36w, https:\/\/i0.wp.com\/www.ecopell.de\/wp-content\/uploads\/2021\/07\/361-FO-Tara.jpg?resize=180%2C180&amp;ssl=1 180w\" sizes=\"(max-width: 300px) 100vw, 300px\" \/><\/div><\/div><\/div><br \/>\n<section  class='av_textblock_section av-kpnsvwyl-633d14aa99f44256370699231e52c351 '   itemscope=\"itemscope\" itemtype=\"https:\/\/schema.org\/CreativeWork\" ><div class='avia_textblock'  itemprop=\"text\" ><p id=\"u107342-2\" class=\"Text Link_im_Text_21\" style=\"text-align: center;\">Tara 361 FO<br \/>\n0,9 &#8211; 1,1 mm<\/p>\n<\/div><\/section><br \/>\n<section  class='av_textblock_section av-kpnsvwyl-282444b419cf12ad8e76a0e550fbec42 '   itemscope=\"itemscope\" itemtype=\"https:\/\/schema.org\/CreativeWork\" ><div class='avia_textblock'  itemprop=\"text\" ><p id=\"u107342-2\" class=\"Text Link_im_Text_21\" style=\"text-align: center;\"><a href=\"https:\/\/www.ecopell.de\/wp-content\/uploads\/2023\/04\/Ecopell_Datenblatt_Tara361-2.pdf\" target=\"_blank\" rel=\"noopener\">&gt;&gt; zum Datenblatt<\/a><\/p>\n<\/div><\/section><\/p><\/div>\n<style type=\"text\/css\" data-created_by=\"avia_inline_auto\" id=\"style-css-av-12n8w-ace7832cf75a24e26b71644e90909092\">\n.flex_column.av-12n8w-ace7832cf75a24e26b71644e90909092{\nborder-radius:0px 0px 0px 0px;\npadding:0px 0px 0px 0px;\n}\n<\/style>\n<div  class='flex_column av-12n8w-ace7832cf75a24e26b71644e90909092 av_one_fifth  avia-builder-el-14  el_after_av_one_fifth  el_before_av_one_fifth  flex_column_div av-zero-column-padding  '     ><p>\n<style type=\"text\/css\" data-created_by=\"avia_inline_auto\" id=\"style-css-av-kpnsdi1q-32693be04440413baa8e5215f0c14f1e\">\n.avia-image-container.av-kpnsdi1q-32693be04440413baa8e5215f0c14f1e img.avia_image{\nbox-shadow:none;\n}\n.avia-image-container.av-kpnsdi1q-32693be04440413baa8e5215f0c14f1e .av-image-caption-overlay-center{\ncolor:#ffffff;\n}\n<\/style>\n<div  class='avia-image-container av-kpnsdi1q-32693be04440413baa8e5215f0c14f1e av-styling- avia-align-center  avia-builder-el-15  el_before_av_textblock  avia-builder-el-first '   itemprop=\"image\" itemscope=\"itemscope\" itemtype=\"https:\/\/schema.org\/ImageObject\" ><div class=\"avia-image-container-inner\"><div class=\"avia-image-overlay-wrap\"><img decoding=\"async\" fetchpriority=\"high\" class='wp-image-1254 avia-img-lazy-loading-not-1254 avia_image ' src=\"https:\/\/i0.wp.com\/www.ecopell.de\/wp-content\/uploads\/2021\/07\/369-FO-Mimosa.jpg?fit=300%2C300&ssl=1\" alt='' title='369 FO Mimosa'  height=\"300\" width=\"300\"  itemprop=\"thumbnailUrl\" srcset=\"https:\/\/i0.wp.com\/www.ecopell.de\/wp-content\/uploads\/2021\/07\/369-FO-Mimosa.jpg?w=650&amp;ssl=1 650w, https:\/\/i0.wp.com\/www.ecopell.de\/wp-content\/uploads\/2021\/07\/369-FO-Mimosa.jpg?resize=300%2C300&amp;ssl=1 300w, https:\/\/i0.wp.com\/www.ecopell.de\/wp-content\/uploads\/2021\/07\/369-FO-Mimosa.jpg?resize=80%2C80&amp;ssl=1 80w, https:\/\/i0.wp.com\/www.ecopell.de\/wp-content\/uploads\/2021\/07\/369-FO-Mimosa.jpg?resize=36%2C36&amp;ssl=1 36w, https:\/\/i0.wp.com\/www.ecopell.de\/wp-content\/uploads\/2021\/07\/369-FO-Mimosa.jpg?resize=180%2C180&amp;ssl=1 180w\" sizes=\"(max-width: 300px) 100vw, 300px\" \/><\/div><\/div><\/div><br \/>\n<section  class='av_textblock_section av-kpnsvwyl-633d14aa99f44256370699231e52c351 '   itemscope=\"itemscope\" itemtype=\"https:\/\/schema.org\/CreativeWork\" ><div class='avia_textblock'  itemprop=\"text\" ><p id=\"u107342-2\" class=\"Text Link_im_Text_21\" style=\"text-align: center;\">Mimosa 369 FO<br \/>\n0,9 &#8211; 1,1 mm<\/p>\n<\/div><\/section><br \/>\n<section  class='av_textblock_section av-kpnsvwyl-282444b419cf12ad8e76a0e550fbec42 '   itemscope=\"itemscope\" itemtype=\"https:\/\/schema.org\/CreativeWork\" ><div class='avia_textblock'  itemprop=\"text\" ><p id=\"u107342-2\" class=\"Text Link_im_Text_21\" style=\"text-align: center;\"><a href=\"https:\/\/www.ecopell.de\/wp-content\/uploads\/2023\/04\/Ecopell_Datenblatt_Mimosa369.pdf\" target=\"_blank\" rel=\"noopener\">&gt;&gt; zum Datenblatt<\/a><\/p>\n<\/div><\/section><\/p><\/div>\n<style type=\"text\/css\" data-created_by=\"avia_inline_auto\" id=\"style-css-av-12n8w-ace7832cf75a24e26b71644e90909092\">\n.flex_column.av-12n8w-ace7832cf75a24e26b71644e90909092{\nborder-radius:0px 0px 0px 0px;\npadding:0px 0px 0px 0px;\n}\n<\/style>\n<div  class='flex_column av-12n8w-ace7832cf75a24e26b71644e90909092 av_one_fifth  avia-builder-el-18  el_after_av_one_fifth  el_before_av_one_fifth  flex_column_div av-zero-column-padding  '     ><p>\n<style type=\"text\/css\" data-created_by=\"avia_inline_auto\" id=\"style-css-av-kpnsdi1q-99ab991a403e28b5faca7d33625d4df0\">\n.avia-image-container.av-kpnsdi1q-99ab991a403e28b5faca7d33625d4df0 img.avia_image{\nbox-shadow:none;\n}\n.avia-image-container.av-kpnsdi1q-99ab991a403e28b5faca7d33625d4df0 .av-image-caption-overlay-center{\ncolor:#ffffff;\n}\n<\/style>\n<div  class='avia-image-container av-kpnsdi1q-99ab991a403e28b5faca7d33625d4df0 av-styling- avia-align-center  avia-builder-el-19  el_before_av_textblock  avia-builder-el-first '   itemprop=\"image\" itemscope=\"itemscope\" itemtype=\"https:\/\/schema.org\/ImageObject\" ><div class=\"avia-image-container-inner\"><div class=\"avia-image-overlay-wrap\"><img decoding=\"async\" fetchpriority=\"high\" class='wp-image-1256 avia-img-lazy-loading-not-1256 avia_image ' src=\"https:\/\/i0.wp.com\/www.ecopell.de\/wp-content\/uploads\/2021\/07\/363-FN-Valonea.jpg?fit=300%2C300&ssl=1\" alt='' title='363 FN Valonea'  height=\"300\" width=\"300\"  itemprop=\"thumbnailUrl\" srcset=\"https:\/\/i0.wp.com\/www.ecopell.de\/wp-content\/uploads\/2021\/07\/363-FN-Valonea.jpg?w=650&amp;ssl=1 650w, https:\/\/i0.wp.com\/www.ecopell.de\/wp-content\/uploads\/2021\/07\/363-FN-Valonea.jpg?resize=300%2C300&amp;ssl=1 300w, https:\/\/i0.wp.com\/www.ecopell.de\/wp-content\/uploads\/2021\/07\/363-FN-Valonea.jpg?resize=80%2C80&amp;ssl=1 80w, https:\/\/i0.wp.com\/www.ecopell.de\/wp-content\/uploads\/2021\/07\/363-FN-Valonea.jpg?resize=36%2C36&amp;ssl=1 36w, https:\/\/i0.wp.com\/www.ecopell.de\/wp-content\/uploads\/2021\/07\/363-FN-Valonea.jpg?resize=180%2C180&amp;ssl=1 180w\" sizes=\"(max-width: 300px) 100vw, 300px\" \/><\/div><\/div><\/div><br \/>\n<section  class='av_textblock_section av-kpnsvwyl-633d14aa99f44256370699231e52c351 '   itemscope=\"itemscope\" itemtype=\"https:\/\/schema.org\/CreativeWork\" ><div class='avia_textblock'  itemprop=\"text\" ><p id=\"u107342-2\" class=\"Text Link_im_Text_21\" style=\"text-align: center;\">Valonea 363 FN<br \/>\nNubuk 0,9 &#8211; 1,1 mm<\/p>\n<\/div><\/section><br \/>\n<section  class='av_textblock_section av-kpnsvwyl-633d14aa99f44256370699231e52c351 '   itemscope=\"itemscope\" itemtype=\"https:\/\/schema.org\/CreativeWork\" ><div class='avia_textblock'  itemprop=\"text\" ><p id=\"u107342-2\" class=\"Text Link_im_Text_21\" style=\"text-align: center;\"><a href=\"https:\/\/www.ecopell.de\/wp-content\/uploads\/2023\/02\/Ecopell_Datenblatt_Valonea363FN.pdf\" target=\"_blank\" rel=\"noopener\">>> zum Datenblatt<\/a><\/p>\n<\/div><\/section><\/p><\/div><\/p>\n\n<style type=\"text\/css\" data-created_by=\"avia_inline_auto\" id=\"style-css-av-12n8w-ace7832cf75a24e26b71644e90909092\">\n.flex_column.av-12n8w-ace7832cf75a24e26b71644e90909092{\nborder-radius:0px 0px 0px 0px;\npadding:0px 0px 0px 0px;\n}\n<\/style>\n<div  class='flex_column av-12n8w-ace7832cf75a24e26b71644e90909092 av_one_fifth  avia-builder-el-22  el_after_av_one_fifth  avia-builder-el-last  flex_column_div av-zero-column-padding  '     ><p>\n<style type=\"text\/css\" data-created_by=\"avia_inline_auto\" id=\"style-css-av-kpnsdi1q-512498ec980403af5b418571692bdb45\">\n.avia-image-container.av-kpnsdi1q-512498ec980403af5b418571692bdb45 img.avia_image{\nbox-shadow:none;\n}\n.avia-image-container.av-kpnsdi1q-512498ec980403af5b418571692bdb45 .av-image-caption-overlay-center{\ncolor:#ffffff;\n}\n<\/style>\n<div  class='avia-image-container av-kpnsdi1q-512498ec980403af5b418571692bdb45 av-styling- avia-align-center  avia-builder-el-23  el_before_av_textblock  avia-builder-el-first '   itemprop=\"image\" itemscope=\"itemscope\" itemtype=\"https:\/\/schema.org\/ImageObject\" ><div class=\"avia-image-container-inner\"><div class=\"avia-image-overlay-wrap\"><img decoding=\"async\" fetchpriority=\"high\" class='wp-image-1258 avia-img-lazy-loading-not-1258 avia_image ' src=\"https:\/\/i0.wp.com\/www.ecopell.de\/wp-content\/uploads\/2021\/07\/363-FO-Valonea.jpg?fit=300%2C300&ssl=1\" alt='' title='363 FO Valonea'  height=\"300\" width=\"300\"  itemprop=\"thumbnailUrl\" srcset=\"https:\/\/i0.wp.com\/www.ecopell.de\/wp-content\/uploads\/2021\/07\/363-FO-Valonea.jpg?w=650&amp;ssl=1 650w, https:\/\/i0.wp.com\/www.ecopell.de\/wp-content\/uploads\/2021\/07\/363-FO-Valonea.jpg?resize=300%2C300&amp;ssl=1 300w, https:\/\/i0.wp.com\/www.ecopell.de\/wp-content\/uploads\/2021\/07\/363-FO-Valonea.jpg?resize=80%2C80&amp;ssl=1 80w, https:\/\/i0.wp.com\/www.ecopell.de\/wp-content\/uploads\/2021\/07\/363-FO-Valonea.jpg?resize=36%2C36&amp;ssl=1 36w, https:\/\/i0.wp.com\/www.ecopell.de\/wp-content\/uploads\/2021\/07\/363-FO-Valonea.jpg?resize=180%2C180&amp;ssl=1 180w\" sizes=\"(max-width: 300px) 100vw, 300px\" \/><\/div><\/div><\/div><br \/>\n<section  class='av_textblock_section av-kpnsvwyl-633d14aa99f44256370699231e52c351 '   itemscope=\"itemscope\" itemtype=\"https:\/\/schema.org\/CreativeWork\" ><div class='avia_textblock'  itemprop=\"text\" ><p id=\"u107342-2\" class=\"Text Link_im_Text_21\" style=\"text-align: center;\">Valonea 363 FO<br \/>\n0,9 &#8211; 1,1 mm<\/p>\n<\/div><\/section><br \/>\n<section  class='av_textblock_section av-kpnsvwyl-282444b419cf12ad8e76a0e550fbec42 '   itemscope=\"itemscope\" itemtype=\"https:\/\/schema.org\/CreativeWork\" ><div class='avia_textblock'  itemprop=\"text\" ><p id=\"u107342-2\" class=\"Text Link_im_Text_21\" style=\"text-align: center;\"><a href=\"https:\/\/www.ecopell.de\/wp-content\/uploads\/2023\/04\/Ecopell_Datenblatt_Valonea363FO.pdf\" target=\"_blank\" rel=\"noopener\">&gt;&gt; zum Datenblatt<\/a><\/p>\n<\/div><\/section><\/p><\/div>\n","protected":false},"excerpt":{"rendered":"","protected":false},"author":1,"featured_media":0,"parent":0,"menu_order":0,"comment_status":"closed","ping_status":"closed","template":"","meta":{"footnotes":""},"class_list":["post-154","page","type-page","status-publish","hentry"],"jetpack_sharing_enabled":true,"_links":{"self":[{"href":"https:\/\/www.ecopell.de\/index.php?rest_route=\/wp\/v2\/pages\/154","targetHints":{"allow":["GET"]}}],"collection":[{"href":"https:\/\/www.ecopell.de\/index.php?rest_route=\/wp\/v2\/pages"}],"about":[{"href":"https:\/\/www.ecopell.de\/index.php?rest_route=\/wp\/v2\/types\/page"}],"author":[{"embeddable":true,"href":"https:\/\/www.ecopell.de\/index.php?rest_route=\/wp\/v2\/users\/1"}],"replies":[{"embeddable":true,"href":"https:\/\/www.ecopell.de\/index.php?rest_route=%2Fwp%2Fv2%2Fcomments&post=154"}],"version-history":[{"count":6,"href":"https:\/\/www.ecopell.de\/index.php?rest_route=\/wp\/v2\/pages\/154\/revisions"}],"predecessor-version":[{"id":2874,"href":"https:\/\/www.ecopell.de\/index.php?rest_route=\/wp\/v2\/pages\/154\/revisions\/2874"}],"wp:attachment":[{"href":"https:\/\/www.ecopell.de\/index.php?rest_route=%2Fwp%2Fv2%2Fmedia&parent=154"}],"curies":[{"name":"wp","href":"https:\/\/api.w.org\/{rel}","templated":true}]}}