{"id":152,"date":"2021-04-26T18:33:15","date_gmt":"2021-04-26T18:33:15","guid":{"rendered":"https:\/\/new.ecopell.de\/?page_id=152"},"modified":"2023-04-02T18:53:38","modified_gmt":"2023-04-02T16:53:38","slug":"glamour","status":"publish","type":"page","link":"https:\/\/www.ecopell.de\/?page_id=152","title":{"rendered":"GLAMOUR"},"content":{"rendered":"<div id='full_slider_1'  class='avia-fullwidth-slider main_color avia-shadow   avia-builder-el-0  el_before_av_textblock  avia-builder-el-first   container_wrap fullsize'  >\n<style type=\"text\/css\" data-created_by=\"avia_inline_auto\" id=\"style-css-av-kntw3sdi-100f0528d7bc570d90238892a396b82c\">\n#top #wrap_all .avia-slideshow .av-slideshow-caption.av-kntw3sdi-100f0528d7bc570d90238892a396b82c__0 .avia-caption-title{\nfont-size:50px;\n}\n#top .avia-slideshow .av-slideshow-caption.av-kntw3sdi-100f0528d7bc570d90238892a396b82c__0 .avia-caption-content{\nfont-size:30px;\n}\n#top .avia-slideshow .av-slideshow-caption.av-kntw3sdi-100f0528d7bc570d90238892a396b82c__0 .avia-caption-content p{\nfont-size:30px;\n}\n<\/style>\n<div  class='avia-slideshow av-kntw3sdi-100f0528d7bc570d90238892a396b82c avia-slideshow-featured av_slideshow_full avia-slide-slider av-slideshow-ui av-control-hidden av-no-slider-navigation av-hide-nav-arrows av-slideshow-autoplay av-loop-endless av-loop-manual-endless av-default-height-applied   avia-slideshow-1' data-slideshow-options=\"{&quot;animation&quot;:&quot;slide&quot;,&quot;autoplay&quot;:true,&quot;loop_autoplay&quot;:&quot;endless&quot;,&quot;interval&quot;:5,&quot;loop_manual&quot;:&quot;manual-endless&quot;,&quot;autoplay_stopper&quot;:false,&quot;noNavigation&quot;:true,&quot;bg_slider&quot;:false,&quot;keep_padding&quot;:false,&quot;hoverpause&quot;:false,&quot;show_slide_delay&quot;:0}\"  itemprop=\"image\" itemscope=\"itemscope\" itemtype=\"https:\/\/schema.org\/ImageObject\" ><ul class='avia-slideshow-inner ' style='padding-bottom: 28.666666666667%;'><li  class='avia-slideshow-slide av-kntw3sdi-100f0528d7bc570d90238892a396b82c__0  av-single-slide slide-1 slide-odd'><div data-rel='slideshow-1' class='avia-slide-wrap '   ><img decoding=\"async\" fetchpriority=\"high\" class=\"wp-image-1121 avia-img-lazy-loading-not-1121\"  src=\"https:\/\/i0.wp.com\/www.ecopell.de\/wp-content\/uploads\/2021\/07\/Header_Glamour.jpg?resize=1500%2C430&ssl=1\" width=\"1500\" height=\"430\" title='Processed with VSCO with a6 preset' alt=''  itemprop=\"thumbnailUrl\" srcset=\"https:\/\/i0.wp.com\/www.ecopell.de\/wp-content\/uploads\/2021\/07\/Header_Glamour.jpg?w=1500&amp;ssl=1 1500w, https:\/\/i0.wp.com\/www.ecopell.de\/wp-content\/uploads\/2021\/07\/Header_Glamour.jpg?resize=300%2C86&amp;ssl=1 300w, https:\/\/i0.wp.com\/www.ecopell.de\/wp-content\/uploads\/2021\/07\/Header_Glamour.jpg?resize=1030%2C295&amp;ssl=1 1030w, https:\/\/i0.wp.com\/www.ecopell.de\/wp-content\/uploads\/2021\/07\/Header_Glamour.jpg?resize=768%2C220&amp;ssl=1 768w, https:\/\/i0.wp.com\/www.ecopell.de\/wp-content\/uploads\/2021\/07\/Header_Glamour.jpg?resize=705%2C202&amp;ssl=1 705w\" sizes=\"(max-width: 1500px) 100vw, 1500px\" \/><\/div><\/li><\/ul><div class='av-slideshow-caption av-kntw3sdi-100f0528d7bc570d90238892a396b82c__0 caption_fullwidth caption_center caption_center_framed caption_framed'><div class=\"container caption_container\"><div class=\"slideshow_caption\"><div class=\"slideshow_inner_caption\"><div class=\"slideshow_align_caption\"><h2 class='avia-caption-title '  itemprop=\"name\" >GLAMOUR<\/h2><div class='avia-caption-content '  itemprop=\"description\" ><p>Festes und flachnarbiges Rindleder in gl\u00e4nzender Optik<\/p>\n<\/div><\/div><\/div><\/div><\/div><\/div><\/div><\/div><div id='after_full_slider_1'  class='main_color av_default_container_wrap container_wrap fullsize'  ><div class='container av-section-cont-open' ><div class='template-page content  av-content-full alpha units'><div class='post-entry post-entry-type-page post-entry-152'><div class='entry-content-wrapper clearfix'>\n<section  class='av_textblock_section av-kntvz7lq-1f17139c7f650a3406636206f4a135ed '   itemscope=\"itemscope\" itemtype=\"https:\/\/schema.org\/CreativeWork\" ><div class='avia_textblock'  itemprop=\"text\" ><h1>Glamour<\/h1>\n\n<style type=\"text\/css\" data-created_by=\"avia_inline_auto\" id=\"style-css-av-oh6n-2d2cb97ae7d0410969f4efc60bb99c4b\">\n.av_font_icon.av-oh6n-2d2cb97ae7d0410969f4efc60bb99c4b .av-icon-char{\nfont-size:40px;\nline-height:40px;\n}\n<\/style>\n<span  class='av_font_icon av-oh6n-2d2cb97ae7d0410969f4efc60bb99c4b avia_animate_when_visible av-icon-style- avia-icon-pos-left avia-iconfont avia-font-entypo-fontello av-no-color avia-icon-animate'><span class='av-icon-char' data-av_icon='\ue819' data-av_iconfont='entypo-fontello' aria-hidden=\"true\" ><\/span><\/span>\n<\/div><\/section>\n\n<style type=\"text\/css\" data-created_by=\"avia_inline_auto\" id=\"style-css-av-1iuku-27749b7be1e9f0b7157e1ad145150437\">\n.flex_column.av-1iuku-27749b7be1e9f0b7157e1ad145150437{\nborder-radius:0px 0px 0px 0px;\npadding:0px 0px 0px 0px;\n}\n<\/style>\n<div  class='flex_column av-1iuku-27749b7be1e9f0b7157e1ad145150437 av_one_fourth  avia-builder-el-3  el_after_av_textblock  el_before_av_three_fourth  first flex_column_div av-zero-column-padding  column-top-margin'     ><p><div  class='avia-builder-widget-area clearfix  avia-builder-el-4  el_before_av_image  avia-builder-el-first '><div id=\"nav_menu-9\" class=\"widget clearfix widget_nav_menu\"><h3 class=\"widgettitle\">Kollektion<\/h3><div class=\"menu-kollektion-container\"><ul id=\"menu-kollektion\" class=\"menu\"><li id=\"menu-item-258\" class=\"menu-item menu-item-type-post_type menu-item-object-page menu-item-258\"><a href=\"https:\/\/www.ecopell.de\/?page_id=56\">NAPPA<\/a><\/li>\n<li id=\"menu-item-262\" class=\"menu-item menu-item-type-post_type menu-item-object-page menu-item-262\"><a href=\"https:\/\/www.ecopell.de\/?page_id=58\">VELOUR<\/a><\/li>\n<li id=\"menu-item-259\" class=\"menu-item menu-item-type-post_type menu-item-object-page menu-item-259\"><a href=\"https:\/\/www.ecopell.de\/?page_id=146\">RODEO<\/a><\/li>\n<li id=\"menu-item-260\" class=\"menu-item menu-item-type-post_type menu-item-object-page menu-item-260\"><a href=\"https:\/\/www.ecopell.de\/?page_id=148\">RODEO PLUS<\/a><\/li>\n<li id=\"menu-item-261\" class=\"menu-item menu-item-type-post_type menu-item-object-page menu-item-261\"><a href=\"https:\/\/www.ecopell.de\/?page_id=150\">RODEO SOFT<\/a><\/li>\n<li id=\"menu-item-257\" class=\"menu-item menu-item-type-post_type menu-item-object-page menu-item-257\"><a href=\"https:\/\/www.ecopell.de\/?page_id=152\">GLAMOUR<\/a><\/li>\n<li id=\"menu-item-256\" class=\"menu-item menu-item-type-post_type menu-item-object-page menu-item-256\"><a href=\"https:\/\/www.ecopell.de\/?page_id=154\">FUTTERLEDER<\/a><\/li>\n<\/ul><\/div><\/div><\/div><br \/>\n\n<style type=\"text\/css\" data-created_by=\"avia_inline_auto\" id=\"style-css-av-knzsljlf-1b5c89f6875c1ef0d681ef01e42625ef\">\n.avia-image-container.av-knzsljlf-1b5c89f6875c1ef0d681ef01e42625ef img.avia_image{\nbox-shadow:none;\n}\n.avia-image-container.av-knzsljlf-1b5c89f6875c1ef0d681ef01e42625ef .av-image-caption-overlay-center{\ncolor:#ffffff;\n}\n<\/style>\n<div  class='avia-image-container av-knzsljlf-1b5c89f6875c1ef0d681ef01e42625ef av-styling- avia-align-center  avia-builder-el-5  el_after_av_sidebar  el_before_av_image '   itemprop=\"image\" itemscope=\"itemscope\" itemtype=\"https:\/\/schema.org\/ImageObject\" ><div class=\"avia-image-container-inner\"><div class=\"avia-image-overlay-wrap\"><img decoding=\"async\" fetchpriority=\"high\" class='wp-image-1124 avia-img-lazy-loading-not-1124 avia_image ' src=\"https:\/\/i0.wp.com\/www.ecopell.de\/wp-content\/uploads\/2021\/07\/glamour.jpg?fit=114%2C53&ssl=1\" alt='' title='glamour'  height=\"53\" width=\"114\"  itemprop=\"thumbnailUrl\"  \/><\/div><\/div><\/div><br \/>\n\n<style type=\"text\/css\" data-created_by=\"avia_inline_auto\" id=\"style-css-av-knzsljlf-984363f591ac39eadc9ca82ca2b7aafc\">\n.avia-image-container.av-knzsljlf-984363f591ac39eadc9ca82ca2b7aafc img.avia_image{\nbox-shadow:none;\n}\n.avia-image-container.av-knzsljlf-984363f591ac39eadc9ca82ca2b7aafc .av-image-caption-overlay-center{\ncolor:#ffffff;\n}\n<\/style>\n<div  class='avia-image-container av-knzsljlf-984363f591ac39eadc9ca82ca2b7aafc av-styling- avia-align-center  avia-builder-el-6  el_after_av_image  el_before_av_textblock '   itemprop=\"image\" itemscope=\"itemscope\" itemtype=\"https:\/\/schema.org\/ImageObject\" ><div class=\"avia-image-container-inner\"><div class=\"avia-image-overlay-wrap\"><img decoding=\"async\" fetchpriority=\"high\" class='wp-image-1126 avia-img-lazy-loading-not-1126 avia_image ' src=\"https:\/\/i0.wp.com\/www.ecopell.de\/wp-content\/uploads\/2021\/07\/Bild_Glamour.jpg?fit=300%2C300&ssl=1\" alt='' title='Processed with VSCO with a6 preset'  height=\"300\" width=\"300\"  itemprop=\"thumbnailUrl\" srcset=\"https:\/\/i0.wp.com\/www.ecopell.de\/wp-content\/uploads\/2021\/07\/Bild_Glamour.jpg?w=300&amp;ssl=1 300w, https:\/\/i0.wp.com\/www.ecopell.de\/wp-content\/uploads\/2021\/07\/Bild_Glamour.jpg?resize=80%2C80&amp;ssl=1 80w, https:\/\/i0.wp.com\/www.ecopell.de\/wp-content\/uploads\/2021\/07\/Bild_Glamour.jpg?resize=36%2C36&amp;ssl=1 36w, https:\/\/i0.wp.com\/www.ecopell.de\/wp-content\/uploads\/2021\/07\/Bild_Glamour.jpg?resize=180%2C180&amp;ssl=1 180w\" sizes=\"(max-width: 300px) 100vw, 300px\" \/><\/div><\/div><\/div><br \/>\n<section  class='av_textblock_section av-kntw08x8-c4a7de28a9a00341b121d2151c238a73 '   itemscope=\"itemscope\" itemtype=\"https:\/\/schema.org\/CreativeWork\" ><div class='avia_textblock'  itemprop=\"text\" ><h6 class=\"Text\" style=\"text-align: center;\">Bild: Eve+Adis<\/h6>\n<\/div><\/section><\/p><\/div>\n\n<style type=\"text\/css\" data-created_by=\"avia_inline_auto\" id=\"style-css-av-1rz4k-03e47df50278e947ccca22fa46ed5b60\">\n.flex_column.av-1rz4k-03e47df50278e947ccca22fa46ed5b60{\nborder-radius:0px 0px 0px 0px;\npadding:0px 0px 0px 0px;\n}\n<\/style>\n<div  class='flex_column av-1rz4k-03e47df50278e947ccca22fa46ed5b60 av_three_fourth  avia-builder-el-8  el_after_av_one_fourth  el_before_av_hr  flex_column_div av-zero-column-padding  column-top-margin'     ><section  class='av_textblock_section av-kntw08x8-c4a7de28a9a00341b121d2151c238a73 '   itemscope=\"itemscope\" itemtype=\"https:\/\/schema.org\/CreativeWork\" ><div class='avia_textblock'  itemprop=\"text\" ><p class=\"Text\">Glamour ist chromfrei und pflanzlich gegerbt sowie fest- und flachnarbig. Es weist eine gl\u00e4nzende Oberfl\u00e4che auf, die durch warmes B\u00fcgeln des Leders als letzte Stufe des Herstellungsprozesses erzeugt wird. Die Glanzintensit\u00e4t kann von Einarbeitung zu Einarbeitung unterschiedlich stark ausfallen. Durch den Pull-up-Effekt entsteht auf der Oberfl\u00e4che beim Knicken eine Zweifarbigkeit, es zeigen sich helle und dunklere Bereiche. Wir erreichen den Effekt durch die Behandlung des Leders mit \u00d6len und Fetten. Die verschiedenen Zonen der Lederhaut k\u00f6nnen die Fettungsmittel mehr oder weniger intensiv aufnehmen und einlagern. Je nach Menge der Fettungsmittel im Ledergewebe und abh\u00e4ngig vom Farbton des Leders ist die Zweifarbigkeit unterschiedlich stark ausgepr\u00e4gt.<\/p>\n<p class=\"Text\">Diese warentypische Eigenschaft des Artikels setzt einen spannenden Gegenakzent zur edel gl\u00e4nzenden Oberfl\u00e4che. Mit seine St\u00e4rke von 1,3-1,5 mm eignet sich Glamour besonders f\u00fcr Schuhe, Taschen und Lederwaren sowie als Bezugsmaterial f\u00fcr St\u00fchle, B\u00e4nke oder \u00e4hnliches. Die abschlie\u00dfende Impr\u00e4gnierung mit einer Carnauba-Wachsmischung verleiht dem Leder einen leichten Schutz. Wassertropfen (z.B. Regen) und andere Fl\u00fcssigkeiten m\u00fcssen jedoch schnell entfernt werden, da sie sonst in das Leder eindringen und auf der Oberfl\u00e4che unsch\u00f6ne Pusteln hinterlassen.<\/p>\n<p class=\"Text\"><strong>Besonderheiten:<\/strong> festes und flachnarbiges Rindleder in gl\u00e4nzender Optik<\/p>\n<p class=\"Text\"><strong>Einsatz:<\/strong> Lederwaren, Schuhe, Polsterei und Accessoires<\/p>\n<h4 class=\"Unter-berschrift\">TECHNISCHE SPEZIFIKATION<\/h4>\n<ul id=\"u27297-30\" class=\"list0 nls-None\">\n<li class=\"Aufz-hlung\">Typ: pflanzlich gegerbtes Pull-Up Rindleder<\/li>\n<li class=\"Aufz-hlung\">Rohmaterial: Deutsche Rindsh\u00e4ute<\/li>\n<li class=\"Aufz-hlung\">Mass\/Haut: 4,5-6,0 qm<\/li>\n<li class=\"Aufz-hlung\">St\u00e4rke: 1,3-1,5 mm<\/li>\n<li class=\"Aufz-hlung\">Gerbung: chromfrei\/pflanzlich<\/li>\n<li class=\"Aufz-hlung\">Dauerfaltverhalten: 20.000 Knickungen, bestanden\/DIN 53340<\/li>\n<li class=\"Aufz-hlung\">Reissfestigkeit: 20 N\/mm, bestanden\/DIN 53329<\/li>\n<li class=\"Aufz-hlung\">Flammfestigkeit: EN1021 Teil I und II<\/li>\n<\/ul>\n<p class=\"Text\">Weitere Daten wie Lichtechtheit und Abriebwerte erhalten Sie durch Klick auf die jeweiligen Farben.<\/p>\n<p class=\"Text\">Hinweis: Durch die System- oder Monitoreinstellungen k\u00f6nnen Farbabweichungen bei den Mustern entstehen! Bitte verlangen Sie bei Interesse Ledermuster an.<\/p>\n<\/div><\/section><\/div>\n<div  class='hr av-56w7g-cad7f77ddfb1be0bf921fffd7a5142a7 hr-default  avia-builder-el-10  el_after_av_three_fourth  el_before_av_one_fifth '><span class='hr-inner '><span class=\"hr-inner-style\"><\/span><\/span><\/div>\n\n<style type=\"text\/css\" data-created_by=\"avia_inline_auto\" id=\"style-css-av-12n8w-caffc2fb5f8a60c8a2326184cc893da9\">\n.flex_column.av-12n8w-caffc2fb5f8a60c8a2326184cc893da9{\nborder-radius:0px 0px 0px 0px;\npadding:0px 0px 0px 0px;\n}\n<\/style>\n<div  class='flex_column av-12n8w-caffc2fb5f8a60c8a2326184cc893da9 av_one_fifth  avia-builder-el-11  el_after_av_hr  el_before_av_one_fifth  first flex_column_div av-zero-column-padding  '     ><p>\n<style type=\"text\/css\" data-created_by=\"avia_inline_auto\" id=\"style-css-av-kpnsdi1q-47d54bf7fe7f066d66e1f2347635505f\">\n.avia-image-container.av-kpnsdi1q-47d54bf7fe7f066d66e1f2347635505f img.avia_image{\nbox-shadow:none;\n}\n.avia-image-container.av-kpnsdi1q-47d54bf7fe7f066d66e1f2347635505f .av-image-caption-overlay-center{\ncolor:#ffffff;\n}\n<\/style>\n<div  class='avia-image-container av-kpnsdi1q-47d54bf7fe7f066d66e1f2347635505f av-styling- avia-align-center  avia-builder-el-12  el_before_av_textblock  avia-builder-el-first '   itemprop=\"image\" itemscope=\"itemscope\" itemtype=\"https:\/\/schema.org\/ImageObject\" ><div class=\"avia-image-container-inner\"><div class=\"avia-image-overlay-wrap\"><img decoding=\"async\" fetchpriority=\"high\" class='wp-image-1141 avia-img-lazy-loading-not-1141 avia_image ' src=\"https:\/\/i0.wp.com\/www.ecopell.de\/wp-content\/uploads\/2021\/07\/g444-sharon.jpg?fit=300%2C300&ssl=1\" alt='' title='g444-sharon'  height=\"300\" width=\"300\"  itemprop=\"thumbnailUrl\" srcset=\"https:\/\/i0.wp.com\/www.ecopell.de\/wp-content\/uploads\/2021\/07\/g444-sharon.jpg?w=650&amp;ssl=1 650w, https:\/\/i0.wp.com\/www.ecopell.de\/wp-content\/uploads\/2021\/07\/g444-sharon.jpg?resize=300%2C300&amp;ssl=1 300w, https:\/\/i0.wp.com\/www.ecopell.de\/wp-content\/uploads\/2021\/07\/g444-sharon.jpg?resize=80%2C80&amp;ssl=1 80w, https:\/\/i0.wp.com\/www.ecopell.de\/wp-content\/uploads\/2021\/07\/g444-sharon.jpg?resize=36%2C36&amp;ssl=1 36w, https:\/\/i0.wp.com\/www.ecopell.de\/wp-content\/uploads\/2021\/07\/g444-sharon.jpg?resize=180%2C180&amp;ssl=1 180w\" sizes=\"(max-width: 300px) 100vw, 300px\" \/><\/div><\/div><\/div><br \/>\n<section  class='av_textblock_section av-kpnsvwyl-633d14aa99f44256370699231e52c351 '   itemscope=\"itemscope\" itemtype=\"https:\/\/schema.org\/CreativeWork\" ><div class='avia_textblock'  itemprop=\"text\" ><p id=\"u66106-2\" class=\"Text\" style=\"text-align: center;\">sharon G444<\/p>\n<\/div><\/section><br \/>\n<section  class='av_textblock_section av-kpnsvwyl-633d14aa99f44256370699231e52c351 '   itemscope=\"itemscope\" itemtype=\"https:\/\/schema.org\/CreativeWork\" ><div class='avia_textblock'  itemprop=\"text\" ><p id=\"u66106-2\" class=\"Text\" style=\"text-align: center;\"><a href=\"https:\/\/www.ecopell.de\/wp-content\/uploads\/2023\/02\/Ecopell_Datenblatt_Sharon444.pdf\" target=\"_blank\" rel=\"noopener\">>> zum Datenblatt<\/a><\/p>\n<\/div><\/section><\/p><\/div>\n\n<style type=\"text\/css\" data-created_by=\"avia_inline_auto\" id=\"style-css-av-12n8w-ace7832cf75a24e26b71644e90909092\">\n.flex_column.av-12n8w-ace7832cf75a24e26b71644e90909092{\nborder-radius:0px 0px 0px 0px;\npadding:0px 0px 0px 0px;\n}\n<\/style>\n<div  class='flex_column av-12n8w-ace7832cf75a24e26b71644e90909092 av_one_fifth  avia-builder-el-15  el_after_av_one_fifth  el_before_av_one_fifth  flex_column_div av-zero-column-padding  '     ><p>\n<style type=\"text\/css\" data-created_by=\"avia_inline_auto\" id=\"style-css-av-kpnsdi1q-03d5f211f1e0ac745bdcb1bdae68d528\">\n.avia-image-container.av-kpnsdi1q-03d5f211f1e0ac745bdcb1bdae68d528 img.avia_image{\nbox-shadow:none;\n}\n.avia-image-container.av-kpnsdi1q-03d5f211f1e0ac745bdcb1bdae68d528 .av-image-caption-overlay-center{\ncolor:#ffffff;\n}\n<\/style>\n<div  class='avia-image-container av-kpnsdi1q-03d5f211f1e0ac745bdcb1bdae68d528 av-styling- avia-align-center  avia-builder-el-16  el_before_av_textblock  avia-builder-el-first '   itemprop=\"image\" itemscope=\"itemscope\" itemtype=\"https:\/\/schema.org\/ImageObject\" ><div class=\"avia-image-container-inner\"><div class=\"avia-image-overlay-wrap\"><img decoding=\"async\" fetchpriority=\"high\" class='wp-image-1144 avia-img-lazy-loading-not-1144 avia_image ' src=\"https:\/\/i0.wp.com\/www.ecopell.de\/wp-content\/uploads\/2021\/07\/g440-caramel.jpg?fit=300%2C300&ssl=1\" alt='' title='g440-caramel'  height=\"300\" width=\"300\"  itemprop=\"thumbnailUrl\" srcset=\"https:\/\/i0.wp.com\/www.ecopell.de\/wp-content\/uploads\/2021\/07\/g440-caramel.jpg?w=650&amp;ssl=1 650w, https:\/\/i0.wp.com\/www.ecopell.de\/wp-content\/uploads\/2021\/07\/g440-caramel.jpg?resize=300%2C300&amp;ssl=1 300w, https:\/\/i0.wp.com\/www.ecopell.de\/wp-content\/uploads\/2021\/07\/g440-caramel.jpg?resize=80%2C80&amp;ssl=1 80w, https:\/\/i0.wp.com\/www.ecopell.de\/wp-content\/uploads\/2021\/07\/g440-caramel.jpg?resize=36%2C36&amp;ssl=1 36w, https:\/\/i0.wp.com\/www.ecopell.de\/wp-content\/uploads\/2021\/07\/g440-caramel.jpg?resize=180%2C180&amp;ssl=1 180w\" sizes=\"(max-width: 300px) 100vw, 300px\" \/><\/div><\/div><\/div><br \/>\n<section  class='av_textblock_section av-kpnsvwyl-633d14aa99f44256370699231e52c351 '   itemscope=\"itemscope\" itemtype=\"https:\/\/schema.org\/CreativeWork\" ><div class='avia_textblock'  itemprop=\"text\" ><p id=\"u66106-2\" class=\"Text\" style=\"text-align: center;\">caramel G440<\/p>\n<\/div><\/section><br \/>\n<section  class='av_textblock_section av-kpnsvwyl-633d14aa99f44256370699231e52c351 '   itemscope=\"itemscope\" itemtype=\"https:\/\/schema.org\/CreativeWork\" ><div class='avia_textblock'  itemprop=\"text\" ><p id=\"u66106-2\" class=\"Text\" style=\"text-align: center;\"><a href=\"https:\/\/www.ecopell.de\/wp-content\/uploads\/2023\/02\/Ecopell_Datenblatt_Caramel440.pdf\" target=\"_blank\" rel=\"noopener\">>> zum Datenblatt<\/a><\/p>\n<\/div><\/section><\/p><\/div>\n\n<style type=\"text\/css\" data-created_by=\"avia_inline_auto\" id=\"style-css-av-12n8w-ace7832cf75a24e26b71644e90909092\">\n.flex_column.av-12n8w-ace7832cf75a24e26b71644e90909092{\nborder-radius:0px 0px 0px 0px;\npadding:0px 0px 0px 0px;\n}\n<\/style>\n<div  class='flex_column av-12n8w-ace7832cf75a24e26b71644e90909092 av_one_fifth  avia-builder-el-19  el_after_av_one_fifth  el_before_av_one_fifth  flex_column_div av-zero-column-padding  '     ><p>\n<style type=\"text\/css\" data-created_by=\"avia_inline_auto\" id=\"style-css-av-kpnsdi1q-0acb64346f28c1b4879a5b5c72606db0\">\n.avia-image-container.av-kpnsdi1q-0acb64346f28c1b4879a5b5c72606db0 img.avia_image{\nbox-shadow:none;\n}\n.avia-image-container.av-kpnsdi1q-0acb64346f28c1b4879a5b5c72606db0 .av-image-caption-overlay-center{\ncolor:#ffffff;\n}\n<\/style>\n<div  class='avia-image-container av-kpnsdi1q-0acb64346f28c1b4879a5b5c72606db0 av-styling- avia-align-center  avia-builder-el-20  el_before_av_textblock  avia-builder-el-first '   itemprop=\"image\" itemscope=\"itemscope\" itemtype=\"https:\/\/schema.org\/ImageObject\" ><div class=\"avia-image-container-inner\"><div class=\"avia-image-overlay-wrap\"><img decoding=\"async\" fetchpriority=\"high\" class='wp-image-1146 avia-img-lazy-loading-not-1146 avia_image ' src=\"https:\/\/i0.wp.com\/www.ecopell.de\/wp-content\/uploads\/2021\/07\/g100-panther.jpg?fit=300%2C300&ssl=1\" alt='' title='g100-panther'  height=\"300\" width=\"300\"  itemprop=\"thumbnailUrl\" srcset=\"https:\/\/i0.wp.com\/www.ecopell.de\/wp-content\/uploads\/2021\/07\/g100-panther.jpg?w=650&amp;ssl=1 650w, https:\/\/i0.wp.com\/www.ecopell.de\/wp-content\/uploads\/2021\/07\/g100-panther.jpg?resize=300%2C300&amp;ssl=1 300w, https:\/\/i0.wp.com\/www.ecopell.de\/wp-content\/uploads\/2021\/07\/g100-panther.jpg?resize=80%2C80&amp;ssl=1 80w, https:\/\/i0.wp.com\/www.ecopell.de\/wp-content\/uploads\/2021\/07\/g100-panther.jpg?resize=36%2C36&amp;ssl=1 36w, https:\/\/i0.wp.com\/www.ecopell.de\/wp-content\/uploads\/2021\/07\/g100-panther.jpg?resize=180%2C180&amp;ssl=1 180w\" sizes=\"(max-width: 300px) 100vw, 300px\" \/><\/div><\/div><\/div><br \/>\n<section  class='av_textblock_section av-kpnsvwyl-633d14aa99f44256370699231e52c351 '   itemscope=\"itemscope\" itemtype=\"https:\/\/schema.org\/CreativeWork\" ><div class='avia_textblock'  itemprop=\"text\" ><p id=\"u66106-2\" class=\"Text\" style=\"text-align: center;\">panther G100<\/p>\n<\/div><\/section><br \/>\n<section  class='av_textblock_section av-kpnsvwyl-633d14aa99f44256370699231e52c351 '   itemscope=\"itemscope\" itemtype=\"https:\/\/schema.org\/CreativeWork\" ><div class='avia_textblock'  itemprop=\"text\" ><p id=\"u66106-2\" class=\"Text\" style=\"text-align: center;\"><a href=\"https:\/\/www.ecopell.de\/wp-content\/uploads\/2023\/02\/Ecopell_Datenblatt_Panther100.pdf\" target=\"_blank\" rel=\"noopener\">>> zum Datenblatt<\/a><\/p>\n<\/div><\/section><\/p><\/div>\n<style type=\"text\/css\" data-created_by=\"avia_inline_auto\" id=\"style-css-av-12n8w-ace7832cf75a24e26b71644e90909092\">\n.flex_column.av-12n8w-ace7832cf75a24e26b71644e90909092{\nborder-radius:0px 0px 0px 0px;\npadding:0px 0px 0px 0px;\n}\n<\/style>\n<div  class='flex_column av-12n8w-ace7832cf75a24e26b71644e90909092 av_one_fifth  avia-builder-el-23  el_after_av_one_fifth  avia-builder-el-last  flex_column_div av-zero-column-padding  '     ><p>\n<style type=\"text\/css\" data-created_by=\"avia_inline_auto\" id=\"style-css-av-lfzn5m3a-cae9449bb87949fdd2b574cd5dc41957\">\n.avia-image-container.av-lfzn5m3a-cae9449bb87949fdd2b574cd5dc41957 img.avia_image{\nbox-shadow:none;\n}\n.avia-image-container.av-lfzn5m3a-cae9449bb87949fdd2b574cd5dc41957 .av-image-caption-overlay-center{\ncolor:#ffffff;\n}\n<\/style>\n<div  class='avia-image-container av-lfzn5m3a-cae9449bb87949fdd2b574cd5dc41957 av-styling- avia-align-center  avia-builder-el-24  el_before_av_textblock  avia-builder-el-first '   itemprop=\"image\" itemscope=\"itemscope\" itemtype=\"https:\/\/schema.org\/ImageObject\" ><div class=\"avia-image-container-inner\"><div class=\"avia-image-overlay-wrap\"><img decoding=\"async\" fetchpriority=\"high\" class='wp-image-2862 avia-img-lazy-loading-not-2862 avia_image ' src=\"https:\/\/i0.wp.com\/www.ecopell.de\/wp-content\/uploads\/2023\/04\/Glamour_blackrussian.webp?fit=300%2C300&ssl=1\" alt='' title='Glamour_blackrussian'  height=\"300\" width=\"300\"  itemprop=\"thumbnailUrl\" srcset=\"https:\/\/i0.wp.com\/www.ecopell.de\/wp-content\/uploads\/2023\/04\/Glamour_blackrussian.webp?w=300&amp;ssl=1 300w, https:\/\/i0.wp.com\/www.ecopell.de\/wp-content\/uploads\/2023\/04\/Glamour_blackrussian.webp?resize=80%2C80&amp;ssl=1 80w, https:\/\/i0.wp.com\/www.ecopell.de\/wp-content\/uploads\/2023\/04\/Glamour_blackrussian.webp?resize=36%2C36&amp;ssl=1 36w, https:\/\/i0.wp.com\/www.ecopell.de\/wp-content\/uploads\/2023\/04\/Glamour_blackrussian.webp?resize=180%2C180&amp;ssl=1 180w\" sizes=\"(max-width: 300px) 100vw, 300px\" \/><\/div><\/div><\/div><br \/>\n<section  class='av_textblock_section av-kpnsvwyl-633d14aa99f44256370699231e52c351 '   itemscope=\"itemscope\" itemtype=\"https:\/\/schema.org\/CreativeWork\" ><div class='avia_textblock'  itemprop=\"text\" ><p id=\"u66106-2\" class=\"Text\" style=\"text-align: center;\">black russian G430<\/p>\n<\/div><\/section><br \/>\n<section  class='av_textblock_section av-kpnsvwyl-633d14aa99f44256370699231e52c351 '   itemscope=\"itemscope\" itemtype=\"https:\/\/schema.org\/CreativeWork\" ><div class='avia_textblock'  itemprop=\"text\" ><p id=\"u66106-2\" class=\"Text\" style=\"text-align: center;\"><a href=\"https:\/\/www.ecopell.de\/wp-content\/uploads\/2023\/02\/Ecopell_Datenblatt_BlackRussian430.pdf\" target=\"_blank\" rel=\"noopener\">>> zum Datenblatt<\/a><\/p>\n<\/div><\/section><\/p><\/div><\/p>\n","protected":false},"excerpt":{"rendered":"","protected":false},"author":1,"featured_media":0,"parent":0,"menu_order":0,"comment_status":"closed","ping_status":"closed","template":"","meta":{"footnotes":""},"class_list":["post-152","page","type-page","status-publish","hentry"],"jetpack_sharing_enabled":true,"_links":{"self":[{"href":"https:\/\/www.ecopell.de\/index.php?rest_route=\/wp\/v2\/pages\/152","targetHints":{"allow":["GET"]}}],"collection":[{"href":"https:\/\/www.ecopell.de\/index.php?rest_route=\/wp\/v2\/pages"}],"about":[{"href":"https:\/\/www.ecopell.de\/index.php?rest_route=\/wp\/v2\/types\/page"}],"author":[{"embeddable":true,"href":"https:\/\/www.ecopell.de\/index.php?rest_route=\/wp\/v2\/users\/1"}],"replies":[{"embeddable":true,"href":"https:\/\/www.ecopell.de\/index.php?rest_route=%2Fwp%2Fv2%2Fcomments&post=152"}],"version-history":[{"count":8,"href":"https:\/\/www.ecopell.de\/index.php?rest_route=\/wp\/v2\/pages\/152\/revisions"}],"predecessor-version":[{"id":2865,"href":"https:\/\/www.ecopell.de\/index.php?rest_route=\/wp\/v2\/pages\/152\/revisions\/2865"}],"wp:attachment":[{"href":"https:\/\/www.ecopell.de\/index.php?rest_route=%2Fwp%2Fv2%2Fmedia&parent=152"}],"curies":[{"name":"wp","href":"https:\/\/api.w.org\/{rel}","templated":true}]}}